{"id":70924,"date":"2024-03-22T19:38:25","date_gmt":"2024-03-22T18:38:25","guid":{"rendered":"https:\/\/abinox-chr-clim.com\/index.php\/product\/ravier-aps-float-blanc-190mm\/"},"modified":"2026-02-18T08:54:18","modified_gmt":"2026-02-18T07:54:18","slug":"ravier-aps-float-blanc-190mm","status":"publish","type":"product","link":"https:\/\/abinox-chr-clim.com\/index.php\/product\/ravier-aps-float-blanc-190mm\/","title":{"rendered":"Ravier APS Float blanc 190mm"},"content":{"rendered":"<p>La m\u00e9lamine est une mati\u00e8re plastique durable, r\u00e9sistant aux rayures et aux taches, alternative solide et l\u00e9g\u00e8re \u00e0 la porcelaine pour r\u00e9pondre aux exigences d&rsquo;une utilisation quotidienne.<br \/>Compatible lave-vaisselle. Empilable. Pieds anti-d\u00e9rapants. Compatible lave-vaisselle.<\/p>\n<p>Caract\u00e9ristiques :<br \/> Capacit\u00e9 : 1,5 L.<br \/> Dimensions : 95(H) x 190(L) x 190(P) mm.<br \/> Mati\u00e8re : Melamine.<br \/> Couleur : Blanc.<\/p>\n","protected":false},"excerpt":{"rendered":"<p>Ravier APS Float blanc 190mm<\/p>\n","protected":false},"featured_media":103374,"comment_status":"closed","ping_status":"closed","template":"","meta":[],"product_brand":[],"product_cat":[1114,1297,1119,1106],"product_tag":[],"class_list":{"0":"post-70924","1":"product","2":"type-product","3":"status-publish","4":"has-post-thumbnail","6":"product_cat-buffet","7":"product_cat-non-palettisable","8":"product_cat-presentation-buffet","9":"product_cat-restaurant-bar-et-hotel","10":"product_shipping_class-free-shipping","12":"first","13":"outofstock","14":"featured","15":"taxable","16":"shipping-taxable","17":"purchasable","18":"product-type-simple"},"_links":{"self":[{"href":"https:\/\/abinox-chr-clim.com\/index.php\/wp-json\/wp\/v2\/product\/70924","targetHints":{"allow":["GET"]}}],"collection":[{"href":"https:\/\/abinox-chr-clim.com\/index.php\/wp-json\/wp\/v2\/product"}],"about":[{"href":"https:\/\/abinox-chr-clim.com\/index.php\/wp-json\/wp\/v2\/types\/product"}],"replies":[{"embeddable":true,"href":"https:\/\/abinox-chr-clim.com\/index.php\/wp-json\/wp\/v2\/comments?post=70924"}],"wp:featuredmedia":[{"embeddable":true,"href":"https:\/\/abinox-chr-clim.com\/index.php\/wp-json\/wp\/v2\/media\/103374"}],"wp:attachment":[{"href":"https:\/\/abinox-chr-clim.com\/index.php\/wp-json\/wp\/v2\/media?parent=70924"}],"wp:term":[{"taxonomy":"product_brand","embeddable":true,"href":"https:\/\/abinox-chr-clim.com\/index.php\/wp-json\/wp\/v2\/product_brand?post=70924"},{"taxonomy":"product_cat","embeddable":true,"href":"https:\/\/abinox-chr-clim.com\/index.php\/wp-json\/wp\/v2\/product_cat?post=70924"},{"taxonomy":"product_tag","embeddable":true,"href":"https:\/\/abinox-chr-clim.com\/index.php\/wp-json\/wp\/v2\/product_tag?post=70924"}],"curies":[{"name":"wp","href":"https:\/\/api.w.org\/{rel}","templated":true}]}}