{"id":70909,"date":"2024-03-22T19:38:18","date_gmt":"2024-03-22T18:38:18","guid":{"rendered":"https:\/\/abinox-chr-clim.com\/index.php\/product\/plateau-ardoise-en-melamine-gn-1-1-aps\/"},"modified":"2026-04-13T06:27:55","modified_gmt":"2026-04-13T04:27:55","slug":"plateau-ardoise-en-melamine-gn-1-1-aps","status":"publish","type":"product","link":"https:\/\/abinox-chr-clim.com\/index.php\/product\/plateau-ardoise-en-melamine-gn-1-1-aps\/","title":{"rendered":"Plateau ardoise en m\u00e9lamine GN 1\/1 APS"},"content":{"rendered":"<p>Lavable au lave-vaisselle. El\u00e9gant design en ardoise. Construction en m\u00e9lamine r\u00e9sistante. L\u00e9g\u00e8ret\u00e9 pour un transport facile. Pieds antid\u00e9rapants.Vendu \u00e0\u00a0 l&rsquo;unit\u00e9. Lavable au lave-vaisselle.<\/p>\n<p>Caract\u00e9ristiques :<br \/> Capacit\u00e9 : GN 1\/1.<br \/> Dimensions : 325(L) x 530(P) mm.<br \/> Mati\u00e8re : M\u00e9lamine.<br \/> Couleur : .<br \/> Bac GN : GN 1\/1XY.<\/p>\n","protected":false},"excerpt":{"rendered":"<p>Plateau ardoise en m\u00e9lamine GN 1\/1 APS<\/p>\n","protected":false},"featured_media":102734,"comment_status":"closed","ping_status":"closed","template":"","meta":[],"product_brand":[],"product_cat":[1114,1297,1119,1106],"product_tag":[],"class_list":{"0":"post-70909","1":"product","2":"type-product","3":"status-publish","4":"has-post-thumbnail","6":"product_cat-buffet","7":"product_cat-non-palettisable","8":"product_cat-presentation-buffet","9":"product_cat-restaurant-bar-et-hotel","10":"product_shipping_class-free-shipping","12":"first","13":"instock","14":"featured","15":"taxable","16":"shipping-taxable","17":"purchasable","18":"product-type-simple"},"_links":{"self":[{"href":"https:\/\/abinox-chr-clim.com\/index.php\/wp-json\/wp\/v2\/product\/70909","targetHints":{"allow":["GET"]}}],"collection":[{"href":"https:\/\/abinox-chr-clim.com\/index.php\/wp-json\/wp\/v2\/product"}],"about":[{"href":"https:\/\/abinox-chr-clim.com\/index.php\/wp-json\/wp\/v2\/types\/product"}],"replies":[{"embeddable":true,"href":"https:\/\/abinox-chr-clim.com\/index.php\/wp-json\/wp\/v2\/comments?post=70909"}],"wp:featuredmedia":[{"embeddable":true,"href":"https:\/\/abinox-chr-clim.com\/index.php\/wp-json\/wp\/v2\/media\/102734"}],"wp:attachment":[{"href":"https:\/\/abinox-chr-clim.com\/index.php\/wp-json\/wp\/v2\/media?parent=70909"}],"wp:term":[{"taxonomy":"product_brand","embeddable":true,"href":"https:\/\/abinox-chr-clim.com\/index.php\/wp-json\/wp\/v2\/product_brand?post=70909"},{"taxonomy":"product_cat","embeddable":true,"href":"https:\/\/abinox-chr-clim.com\/index.php\/wp-json\/wp\/v2\/product_cat?post=70909"},{"taxonomy":"product_tag","embeddable":true,"href":"https:\/\/abinox-chr-clim.com\/index.php\/wp-json\/wp\/v2\/product_tag?post=70909"}],"curies":[{"name":"wp","href":"https:\/\/api.w.org\/{rel}","templated":true}]}}