{"id":70907,"date":"2024-03-22T19:38:17","date_gmt":"2024-03-22T18:38:17","guid":{"rendered":"https:\/\/abinox-chr-clim.com\/index.php\/product\/bol-en-acacia-olympia-305o-x-137hmm\/"},"modified":"2026-04-13T07:36:08","modified_gmt":"2026-04-13T05:36:08","slug":"bol-en-acacia-olympia-305o-x-137hmm","status":"publish","type":"product","link":"https:\/\/abinox-chr-clim.com\/index.php\/product\/bol-en-acacia-olympia-305o-x-137hmm\/","title":{"rendered":"Bol en acacia Olympia 305(\u00d8) x 137(H)mm"},"content":{"rendered":"<p>\u00c9l\u00e9gant et durable, le bol en acacia Olympia est l&rsquo;ajout parfait \u00e0 vos buffets de petit-d\u00e9jeuner ou salades servies \u00e0 table. En bois d&rsquo;acacia, le bol permet d&rsquo;apporter une touche chaleureuse \u00e0 vos services en salle.<br \/>Le bois d&rsquo;acacia offre un aspect naturel et chaleureux. Le bois d&rsquo;acacia est tr\u00e8s durable. Le design naturel met en valeur vos pr\u00e9parations. Le bois d&rsquo;origine durable est plus respectueux de l&rsquo;environnement que les alternatives en plastique. La conception facile \u00e0 nettoyer permet de gagner du temps sur la vaisselle. Non adapt\u00e9 aux aliments gras et humides. Non adapt\u00e9 lave-vaisselle. Bois issu de source durable.Le bois d&rsquo;acacia offre un aspect naturel et chaleureux.<\/p>\n<p>Caract\u00e9ristiques :<br \/> Dimensions : 137(H) mm.<br \/> Mati\u00e8re : Bois.<br \/> Couleur : Marron.<\/p>\n","protected":false},"excerpt":{"rendered":"<p>Bol en acacia Olympia 305(\u00d8) x 137(H)mm<\/p>\n","protected":false},"featured_media":100678,"comment_status":"closed","ping_status":"closed","template":"","meta":[],"product_brand":[],"product_cat":[1114,1297,1119,1106],"product_tag":[],"class_list":{"0":"post-70907","1":"product","2":"type-product","3":"status-publish","4":"has-post-thumbnail","6":"product_cat-buffet","7":"product_cat-non-palettisable","8":"product_cat-presentation-buffet","9":"product_cat-restaurant-bar-et-hotel","10":"product_shipping_class-free-shipping","12":"first","13":"outofstock","14":"featured","15":"taxable","16":"shipping-taxable","17":"purchasable","18":"product-type-simple"},"_links":{"self":[{"href":"https:\/\/abinox-chr-clim.com\/index.php\/wp-json\/wp\/v2\/product\/70907","targetHints":{"allow":["GET"]}}],"collection":[{"href":"https:\/\/abinox-chr-clim.com\/index.php\/wp-json\/wp\/v2\/product"}],"about":[{"href":"https:\/\/abinox-chr-clim.com\/index.php\/wp-json\/wp\/v2\/types\/product"}],"replies":[{"embeddable":true,"href":"https:\/\/abinox-chr-clim.com\/index.php\/wp-json\/wp\/v2\/comments?post=70907"}],"wp:featuredmedia":[{"embeddable":true,"href":"https:\/\/abinox-chr-clim.com\/index.php\/wp-json\/wp\/v2\/media\/100678"}],"wp:attachment":[{"href":"https:\/\/abinox-chr-clim.com\/index.php\/wp-json\/wp\/v2\/media?parent=70907"}],"wp:term":[{"taxonomy":"product_brand","embeddable":true,"href":"https:\/\/abinox-chr-clim.com\/index.php\/wp-json\/wp\/v2\/product_brand?post=70907"},{"taxonomy":"product_cat","embeddable":true,"href":"https:\/\/abinox-chr-clim.com\/index.php\/wp-json\/wp\/v2\/product_cat?post=70907"},{"taxonomy":"product_tag","embeddable":true,"href":"https:\/\/abinox-chr-clim.com\/index.php\/wp-json\/wp\/v2\/product_tag?post=70907"}],"curies":[{"name":"wp","href":"https:\/\/api.w.org\/{rel}","templated":true}]}}