{"id":70891,"date":"2024-03-22T19:38:09","date_gmt":"2024-03-22T18:38:09","guid":{"rendered":"https:\/\/abinox-chr-clim.com\/index.php\/product\/plateau-en-ardoise-naturelle-olympia-gn1-2\/"},"modified":"2026-04-13T06:22:20","modified_gmt":"2026-04-13T04:22:20","slug":"plateau-en-ardoise-naturelle-olympia-gn1-2","status":"publish","type":"product","link":"https:\/\/abinox-chr-clim.com\/index.php\/product\/plateau-en-ardoise-naturelle-olympia-gn1-2\/","title":{"rendered":"Plateau en ardoise naturelle Olympia GN1\/2"},"content":{"rendered":"<p>Trait\u00e9 pour \u00e9viter l&rsquo;absorption d&rsquo;odeurs ou de saveurs. Lavage \u00e0 la main uniquement. Ne pas immerger dans l&rsquo;eau. Le rev\u00eatement r\u00e9sistant aux huiles vous permet de servir une grande vari\u00e9t\u00e9 de plats sans les ab\u00eemer. Le design naturel ajoute une touche unique et rustique \u00e0 vos pr\u00e9sentations de plats. La couleur noire permet d&rsquo;am\u00e9liorer l&rsquo;\u00e9clat des ingr\u00e9dients frais. Bords dentel\u00e9s.Vendu \u00e0 l&rsquo;unit\u00e9. Trait\u00e9 pour \u00e9viter l&rsquo;absorption d&rsquo;odeurs ou de saveurs.<\/p>\n<p>Caract\u00e9ristiques :<br \/> Capacit\u00e9 : GN 1\/2.<br \/> Dimensions : 7(H) x 265(L) x 325(P)mm.<br \/> Mati\u00e8re : Ardoise.<br \/> Couleur : .<br \/> Bac GN : GN 1\/2XY.<\/p>\n","protected":false},"excerpt":{"rendered":"<p>Plateau en ardoise naturelle Olympia GN1\/2<\/p>\n","protected":false},"featured_media":91733,"comment_status":"closed","ping_status":"closed","template":"","meta":[],"product_brand":[],"product_cat":[1114,1297,1119,1106],"product_tag":[],"class_list":{"0":"post-70891","1":"product","2":"type-product","3":"status-publish","4":"has-post-thumbnail","6":"product_cat-buffet","7":"product_cat-non-palettisable","8":"product_cat-presentation-buffet","9":"product_cat-restaurant-bar-et-hotel","10":"product_shipping_class-free-shipping","12":"first","13":"instock","14":"featured","15":"taxable","16":"shipping-taxable","17":"purchasable","18":"product-type-simple"},"_links":{"self":[{"href":"https:\/\/abinox-chr-clim.com\/index.php\/wp-json\/wp\/v2\/product\/70891","targetHints":{"allow":["GET"]}}],"collection":[{"href":"https:\/\/abinox-chr-clim.com\/index.php\/wp-json\/wp\/v2\/product"}],"about":[{"href":"https:\/\/abinox-chr-clim.com\/index.php\/wp-json\/wp\/v2\/types\/product"}],"replies":[{"embeddable":true,"href":"https:\/\/abinox-chr-clim.com\/index.php\/wp-json\/wp\/v2\/comments?post=70891"}],"wp:featuredmedia":[{"embeddable":true,"href":"https:\/\/abinox-chr-clim.com\/index.php\/wp-json\/wp\/v2\/media\/91733"}],"wp:attachment":[{"href":"https:\/\/abinox-chr-clim.com\/index.php\/wp-json\/wp\/v2\/media?parent=70891"}],"wp:term":[{"taxonomy":"product_brand","embeddable":true,"href":"https:\/\/abinox-chr-clim.com\/index.php\/wp-json\/wp\/v2\/product_brand?post=70891"},{"taxonomy":"product_cat","embeddable":true,"href":"https:\/\/abinox-chr-clim.com\/index.php\/wp-json\/wp\/v2\/product_cat?post=70891"},{"taxonomy":"product_tag","embeddable":true,"href":"https:\/\/abinox-chr-clim.com\/index.php\/wp-json\/wp\/v2\/product_tag?post=70891"}],"curies":[{"name":"wp","href":"https:\/\/api.w.org\/{rel}","templated":true}]}}