{"id":70867,"date":"2024-03-22T19:38:01","date_gmt":"2024-03-22T18:38:01","guid":{"rendered":"https:\/\/abinox-chr-clim.com\/index.php\/product\/panier-en-rotin-polypropylene-aps\/"},"modified":"2026-04-13T06:09:37","modified_gmt":"2026-04-13T04:09:37","slug":"panier-en-rotin-polypropylene-aps","status":"publish","type":"product","link":"https:\/\/abinox-chr-clim.com\/index.php\/product\/panier-en-rotin-polypropylene-aps\/","title":{"rendered":"Panier en rotin polypropyl\u00e8ne APS"},"content":{"rendered":"<p>Support chrom\u00e9  pour 2 paniers avec espace de 260 mm entre les 2 niveaux. S&rsquo;utilise avec 2 paniers GN 1\/1 en polypropyl\u00e8ne et couvercles GN 1\/1 (vendus s\u00e9par\u00e9ment). Paniers renforc\u00e9s par une structure en acier inoxydable.<br \/>. Peut \u00eatre utilis\u00e9 avec les couvercles gastronorme.S&rsquo;utilise avec le support chrom\u00e9 \u00e0 2 niveaux (CB807).  .<\/p>\n<p>Caract\u00e9ristiques :<br \/> Dimensions : 325(H) x 530(L) x 80(P) mm.<br \/> Mati\u00e8re : Polypropyl\u00e8ne.<br \/> Couleur : Naturel.<br \/> Bac GN : GN 1\/1XY.<\/p>\n","protected":false},"excerpt":{"rendered":"<p>Panier en rotin polypropyl\u00e8ne APS<\/p>\n","protected":false},"featured_media":102580,"comment_status":"closed","ping_status":"closed","template":"","meta":[],"product_brand":[],"product_cat":[1114,1297,1119,1106],"product_tag":[],"class_list":{"0":"post-70867","1":"product","2":"type-product","3":"status-publish","4":"has-post-thumbnail","6":"product_cat-buffet","7":"product_cat-non-palettisable","8":"product_cat-presentation-buffet","9":"product_cat-restaurant-bar-et-hotel","10":"product_shipping_class-free-shipping","12":"first","13":"instock","14":"featured","15":"taxable","16":"shipping-taxable","17":"purchasable","18":"product-type-simple"},"_links":{"self":[{"href":"https:\/\/abinox-chr-clim.com\/index.php\/wp-json\/wp\/v2\/product\/70867","targetHints":{"allow":["GET"]}}],"collection":[{"href":"https:\/\/abinox-chr-clim.com\/index.php\/wp-json\/wp\/v2\/product"}],"about":[{"href":"https:\/\/abinox-chr-clim.com\/index.php\/wp-json\/wp\/v2\/types\/product"}],"replies":[{"embeddable":true,"href":"https:\/\/abinox-chr-clim.com\/index.php\/wp-json\/wp\/v2\/comments?post=70867"}],"wp:featuredmedia":[{"embeddable":true,"href":"https:\/\/abinox-chr-clim.com\/index.php\/wp-json\/wp\/v2\/media\/102580"}],"wp:attachment":[{"href":"https:\/\/abinox-chr-clim.com\/index.php\/wp-json\/wp\/v2\/media?parent=70867"}],"wp:term":[{"taxonomy":"product_brand","embeddable":true,"href":"https:\/\/abinox-chr-clim.com\/index.php\/wp-json\/wp\/v2\/product_brand?post=70867"},{"taxonomy":"product_cat","embeddable":true,"href":"https:\/\/abinox-chr-clim.com\/index.php\/wp-json\/wp\/v2\/product_cat?post=70867"},{"taxonomy":"product_tag","embeddable":true,"href":"https:\/\/abinox-chr-clim.com\/index.php\/wp-json\/wp\/v2\/product_tag?post=70867"}],"curies":[{"name":"wp","href":"https:\/\/api.w.org\/{rel}","templated":true}]}}