{"id":70856,"date":"2024-03-22T19:37:55","date_gmt":"2024-03-22T18:37:55","guid":{"rendered":"https:\/\/abinox-chr-clim.com\/index.php\/product\/chafing-dish-paris-olympia-6-l\/"},"modified":"2026-04-13T06:45:55","modified_gmt":"2026-04-13T04:45:55","slug":"chafing-dish-paris-olympia-6-l","status":"publish","type":"product","link":"https:\/\/abinox-chr-clim.com\/index.php\/product\/chafing-dish-paris-olympia-6-l\/","title":{"rendered":"Chafing Dish Paris Olympia 6 L"},"content":{"rendered":"<p>Chafing dish rond en acier inoxydable 18\/8 poli avec couvercle rabattable pour une utilisation ais\u00e9e. Pieds de plateau en acier inoxydable. Fourni avec un bac \u00e0 eau, un bac pour les aliments, un couvercle et un support de combustible.<br \/>Fourni avec bac \u00e0 eau, bac \u00e0 aliment, couvercle et br\u00fbleur. Fourni avec bac \u00e0 eau, bac \u00e0 aliment, couvercle et br\u00fbleur. .<br \/> Caract\u00e9ristiques :<br \/> Capacit\u00e9 : 6L.<br \/> Dimensions : 450(H) x 520(L) x 480(P) mm.<br \/> Mati\u00e8re : Inox poli 18\/8.<br \/> Couleur : Argent.<\/p>\n","protected":false},"excerpt":{"rendered":"<p>Chafing Dish Paris Olympia 6 L<\/p>\n","protected":false},"featured_media":99550,"comment_status":"closed","ping_status":"closed","template":"","meta":[],"product_brand":[],"product_cat":[1114,1116,1297,1106],"product_tag":[],"class_list":{"0":"post-70856","1":"product","2":"type-product","3":"status-publish","4":"has-post-thumbnail","6":"product_cat-buffet","7":"product_cat-chafing-dish","8":"product_cat-non-palettisable","9":"product_cat-restaurant-bar-et-hotel","10":"product_shipping_class-free-shipping","12":"first","13":"instock","14":"featured","15":"taxable","16":"shipping-taxable","17":"purchasable","18":"product-type-simple"},"_links":{"self":[{"href":"https:\/\/abinox-chr-clim.com\/index.php\/wp-json\/wp\/v2\/product\/70856","targetHints":{"allow":["GET"]}}],"collection":[{"href":"https:\/\/abinox-chr-clim.com\/index.php\/wp-json\/wp\/v2\/product"}],"about":[{"href":"https:\/\/abinox-chr-clim.com\/index.php\/wp-json\/wp\/v2\/types\/product"}],"replies":[{"embeddable":true,"href":"https:\/\/abinox-chr-clim.com\/index.php\/wp-json\/wp\/v2\/comments?post=70856"}],"wp:featuredmedia":[{"embeddable":true,"href":"https:\/\/abinox-chr-clim.com\/index.php\/wp-json\/wp\/v2\/media\/99550"}],"wp:attachment":[{"href":"https:\/\/abinox-chr-clim.com\/index.php\/wp-json\/wp\/v2\/media?parent=70856"}],"wp:term":[{"taxonomy":"product_brand","embeddable":true,"href":"https:\/\/abinox-chr-clim.com\/index.php\/wp-json\/wp\/v2\/product_brand?post=70856"},{"taxonomy":"product_cat","embeddable":true,"href":"https:\/\/abinox-chr-clim.com\/index.php\/wp-json\/wp\/v2\/product_cat?post=70856"},{"taxonomy":"product_tag","embeddable":true,"href":"https:\/\/abinox-chr-clim.com\/index.php\/wp-json\/wp\/v2\/product_tag?post=70856"}],"curies":[{"name":"wp","href":"https:\/\/api.w.org\/{rel}","templated":true}]}}