{"id":70854,"date":"2024-03-22T19:37:54","date_gmt":"2024-03-22T18:37:54","guid":{"rendered":"https:\/\/abinox-chr-clim.com\/index.php\/product\/ensemble-chafing-dish-induction-olympia-gn-1-2-avec-support\/"},"modified":"2026-04-13T07:48:58","modified_gmt":"2026-04-13T05:48:58","slug":"ensemble-chafing-dish-induction-olympia-gn-1-2-avec-support","status":"publish","type":"product","link":"https:\/\/abinox-chr-clim.com\/index.php\/product\/ensemble-chafing-dish-induction-olympia-gn-1-2-avec-support\/","title":{"rendered":"Ensemble chafing dish induction Olympia GN 1\/2 avec support"},"content":{"rendered":"<p>Con\u00e7u pour \u00eatre utilis\u00e9 avec des plaques \u00e0 induction, le chaffing dish permet de conserver efficacement les aliments \u00e0 la temp\u00e9rature souhait\u00e9e. Support  FT039 vendu s\u00e9par\u00e9ment.<br \/>La chauffe par induction conserve la fra\u00eecheur et la saveur. Le couvercle offre une excellente isolation pour une meilleure r\u00e9tention de la chaleur. Tr\u00e8s \u00e9conome en \u00e9nergie &#8211; utilise beaucoup moins d&rsquo;\u00e9nergie que des plaques chauffantes ou des plaques de cuisson \u00e0 gaz. La protection \u00e9lectronique contre la surchauffe \u00e9vite d&rsquo;endommager l&rsquo;appareil. Surface sup\u00e9rieure en vitroc\u00e9ramique noire facile \u00e0 nettoyer. Affichage LED num\u00e9rique s\u00e9par\u00e9 intuitif &#8211; peut \u00eatre cach\u00e9 si n\u00e9cessaire. 10 niveaux de puissance r\u00e9glable &#8211; permet de r\u00e9chauffer ou cuire facilement. Kit compos\u00e9 de FD059 et FT038.La chauffe par induction conserve la fra\u00eecheur et la saveur.<\/p>\n<p>Caract\u00e9ristiques :<br \/> Dimensions : 68(H) x 245(L) x 245(P) mm.<br \/> Mati\u00e8re : Inox et verre.<br \/> Voltage : 220-240V.<br \/> Couleur : .<br \/> Bac GN : GN 1\/2XY.<\/p>\n","protected":false},"excerpt":{"rendered":"<p>Ensemble chafing dish induction Olympia GN 1\/2 avec support<\/p>\n","protected":false},"featured_media":99653,"comment_status":"closed","ping_status":"closed","template":"","meta":[],"product_brand":[],"product_cat":[1114,1116,1297,1106],"product_tag":[],"class_list":{"0":"post-70854","1":"product","2":"type-product","3":"status-publish","4":"has-post-thumbnail","6":"product_cat-buffet","7":"product_cat-chafing-dish","8":"product_cat-non-palettisable","9":"product_cat-restaurant-bar-et-hotel","10":"product_shipping_class-free-shipping","12":"first","13":"instock","14":"featured","15":"taxable","16":"shipping-taxable","17":"purchasable","18":"product-type-simple"},"_links":{"self":[{"href":"https:\/\/abinox-chr-clim.com\/index.php\/wp-json\/wp\/v2\/product\/70854","targetHints":{"allow":["GET"]}}],"collection":[{"href":"https:\/\/abinox-chr-clim.com\/index.php\/wp-json\/wp\/v2\/product"}],"about":[{"href":"https:\/\/abinox-chr-clim.com\/index.php\/wp-json\/wp\/v2\/types\/product"}],"replies":[{"embeddable":true,"href":"https:\/\/abinox-chr-clim.com\/index.php\/wp-json\/wp\/v2\/comments?post=70854"}],"wp:featuredmedia":[{"embeddable":true,"href":"https:\/\/abinox-chr-clim.com\/index.php\/wp-json\/wp\/v2\/media\/99653"}],"wp:attachment":[{"href":"https:\/\/abinox-chr-clim.com\/index.php\/wp-json\/wp\/v2\/media?parent=70854"}],"wp:term":[{"taxonomy":"product_brand","embeddable":true,"href":"https:\/\/abinox-chr-clim.com\/index.php\/wp-json\/wp\/v2\/product_brand?post=70854"},{"taxonomy":"product_cat","embeddable":true,"href":"https:\/\/abinox-chr-clim.com\/index.php\/wp-json\/wp\/v2\/product_cat?post=70854"},{"taxonomy":"product_tag","embeddable":true,"href":"https:\/\/abinox-chr-clim.com\/index.php\/wp-json\/wp\/v2\/product_tag?post=70854"}],"curies":[{"name":"wp","href":"https:\/\/api.w.org\/{rel}","templated":true}]}}