{"id":70850,"date":"2024-03-22T19:37:53","date_gmt":"2024-03-22T18:37:53","guid":{"rendered":"https:\/\/abinox-chr-clim.com\/index.php\/product\/offre-speciale-chafing-dish-milan-olympia-gn-1-1-24-capsules-de-gel-combustible\/"},"modified":"2026-04-13T06:44:50","modified_gmt":"2026-04-13T04:44:50","slug":"offre-speciale-chafing-dish-milan-olympia-gn-1-1-24-capsules-de-gel-combustible","status":"publish","type":"product","link":"https:\/\/abinox-chr-clim.com\/index.php\/product\/offre-speciale-chafing-dish-milan-olympia-gn-1-1-24-capsules-de-gel-combustible\/","title":{"rendered":"OFFRE SP\u00c9CIALE Chafing dish Milan Olympia GN 1\/1 + 24 capsules de gel combustible"},"content":{"rendered":"<p>Premier prix. Dimensions : 635 x 317.5 x 102mm.Capacit\u00e9 : 9 litres &#8211; Chaque set contient un bac GN 1\/1 de 65mm de profondeur.Chafing dish inox fourni avec bac \u00e0 eau, bac \u00e0 aliments, couvercle et 2 supports de combustible.Gel \u00e9thanol non toxique pr\u00eat \u00e0 l&#8217;emploi . Peu de r\u00e9sidus et peu odorant .  Avec une ouverture facile et refermable, le  couvercle  permet d&rsquo;obtenir un d\u00e9bit optimal. Une capsule br\u00fble environ 2 heures. Premier prix.<\/p>\n","protected":false},"excerpt":{"rendered":"<p>OFFRE SP\u00c9CIALE Chafing dish Milan Olympia GN 1\/1 + 24 capsules de gel combustible<\/p>\n","protected":false},"featured_media":99767,"comment_status":"closed","ping_status":"closed","template":"","meta":[],"product_brand":[],"product_cat":[1114,1116,1297,1106],"product_tag":[],"class_list":{"0":"post-70850","1":"product","2":"type-product","3":"status-publish","4":"has-post-thumbnail","6":"product_cat-buffet","7":"product_cat-chafing-dish","8":"product_cat-non-palettisable","9":"product_cat-restaurant-bar-et-hotel","10":"product_shipping_class-free-shipping","12":"first","13":"instock","14":"featured","15":"taxable","16":"shipping-taxable","17":"purchasable","18":"product-type-simple"},"_links":{"self":[{"href":"https:\/\/abinox-chr-clim.com\/index.php\/wp-json\/wp\/v2\/product\/70850","targetHints":{"allow":["GET"]}}],"collection":[{"href":"https:\/\/abinox-chr-clim.com\/index.php\/wp-json\/wp\/v2\/product"}],"about":[{"href":"https:\/\/abinox-chr-clim.com\/index.php\/wp-json\/wp\/v2\/types\/product"}],"replies":[{"embeddable":true,"href":"https:\/\/abinox-chr-clim.com\/index.php\/wp-json\/wp\/v2\/comments?post=70850"}],"wp:featuredmedia":[{"embeddable":true,"href":"https:\/\/abinox-chr-clim.com\/index.php\/wp-json\/wp\/v2\/media\/99767"}],"wp:attachment":[{"href":"https:\/\/abinox-chr-clim.com\/index.php\/wp-json\/wp\/v2\/media?parent=70850"}],"wp:term":[{"taxonomy":"product_brand","embeddable":true,"href":"https:\/\/abinox-chr-clim.com\/index.php\/wp-json\/wp\/v2\/product_brand?post=70850"},{"taxonomy":"product_cat","embeddable":true,"href":"https:\/\/abinox-chr-clim.com\/index.php\/wp-json\/wp\/v2\/product_cat?post=70850"},{"taxonomy":"product_tag","embeddable":true,"href":"https:\/\/abinox-chr-clim.com\/index.php\/wp-json\/wp\/v2\/product_tag?post=70850"}],"curies":[{"name":"wp","href":"https:\/\/api.w.org\/{rel}","templated":true}]}}