{"id":70849,"date":"2024-03-22T19:37:52","date_gmt":"2024-03-22T18:37:52","guid":{"rendered":"https:\/\/abinox-chr-clim.com\/index.php\/product\/offre-gros-volume-chafing-dish-milan-olympia-gn-1-1-x2\/"},"modified":"2026-04-13T06:44:10","modified_gmt":"2026-04-13T04:44:10","slug":"offre-gros-volume-chafing-dish-milan-olympia-gn-1-1-x2","status":"publish","type":"product","link":"https:\/\/abinox-chr-clim.com\/index.php\/product\/offre-gros-volume-chafing-dish-milan-olympia-gn-1-1-x2\/","title":{"rendered":"OFFRE GROS VOLUME Chafing dish Milan Olympia GN 1\/1 x2"},"content":{"rendered":"<p>Chafing dish dimension GN 1\/1 en acier inoxydable 18\/0 finition miroir. Fourni avec bac \u00e0 eau, bac GN 1\/1 profondeur 65mm d&rsquo;une capacit\u00e9 de 9 litres pour les aliments, couvercle et deux logements pour combustible. Ce chafing dish peut \u00eatre achet\u00e9  \u00e0 l&rsquo;unit\u00e9 ou par lot de deux ou quatre. \u00c9galement disponibles mais vendus s\u00e9par\u00e9ment : un support couvercle qui se positionne entre le cadre et le bac \u00e0 eau permettant de reposer le couvercle derri\u00e8re le long du bac (CB722); ensemble bain marie (CB723) disposant de deux pots de 4 litres en acier inoxydable avec poign\u00e9es et couvercles \u00e0 encoche \u00e0 poser sur le dessus du bac \u00e0 eau.<br \/>Dimensions du bac gastronorme : 60(H) x 332(L) x 535(P)mm. Dimensions du couvercle : 60 (90 incluant la poign\u00e9e) (H) x 332(l) x 535(L)mm.Dimensions hors tout: 270 (avec le couvercle) (H) x 332(l) x 560 (590 incluant les poign\u00e9es) (L)mm.L&rsquo;ensemble bain-marie (CB723) peut \u00eatre achet\u00e9 s\u00e9par\u00e9ment pour compl\u00e9ter le K409.Combustible vendu s\u00e9par\u00e9ment. Adapt\u00e9 \u00e0 une utilisation avec diff\u00e9rents bacs GN de 65mm de profondeur.  Dimensions du bac gastronorme : 60(H) x 332(L) x 535(P)mm.<\/p>\n<p>Caract\u00e9ristiques :<br \/>Lot : 2.<br \/> Capacit\u00e9 : 9L, 2 x GN 1\/1.<br \/> Dimensions : 270(H) x 332(L) x 590(P) mm.<br \/> Mati\u00e8re : Acier inoxydable 18\/0 finition polie.<br \/> Couleur : Argent.<br \/> Bac GN : GN 1\/1XY.<\/p>\n","protected":false},"excerpt":{"rendered":"<p>OFFRE GROS VOLUME Chafing dish Milan Olympia GN 1\/1 x2<\/p>\n","protected":false},"featured_media":99997,"comment_status":"closed","ping_status":"closed","template":"","meta":[],"product_brand":[],"product_cat":[1114,1116,1297,1106],"product_tag":[],"class_list":{"0":"post-70849","1":"product","2":"type-product","3":"status-publish","4":"has-post-thumbnail","6":"product_cat-buffet","7":"product_cat-chafing-dish","8":"product_cat-non-palettisable","9":"product_cat-restaurant-bar-et-hotel","10":"product_shipping_class-free-shipping","12":"first","13":"instock","14":"featured","15":"taxable","16":"shipping-taxable","17":"purchasable","18":"product-type-simple"},"_links":{"self":[{"href":"https:\/\/abinox-chr-clim.com\/index.php\/wp-json\/wp\/v2\/product\/70849","targetHints":{"allow":["GET"]}}],"collection":[{"href":"https:\/\/abinox-chr-clim.com\/index.php\/wp-json\/wp\/v2\/product"}],"about":[{"href":"https:\/\/abinox-chr-clim.com\/index.php\/wp-json\/wp\/v2\/types\/product"}],"replies":[{"embeddable":true,"href":"https:\/\/abinox-chr-clim.com\/index.php\/wp-json\/wp\/v2\/comments?post=70849"}],"wp:featuredmedia":[{"embeddable":true,"href":"https:\/\/abinox-chr-clim.com\/index.php\/wp-json\/wp\/v2\/media\/99997"}],"wp:attachment":[{"href":"https:\/\/abinox-chr-clim.com\/index.php\/wp-json\/wp\/v2\/media?parent=70849"}],"wp:term":[{"taxonomy":"product_brand","embeddable":true,"href":"https:\/\/abinox-chr-clim.com\/index.php\/wp-json\/wp\/v2\/product_brand?post=70849"},{"taxonomy":"product_cat","embeddable":true,"href":"https:\/\/abinox-chr-clim.com\/index.php\/wp-json\/wp\/v2\/product_cat?post=70849"},{"taxonomy":"product_tag","embeddable":true,"href":"https:\/\/abinox-chr-clim.com\/index.php\/wp-json\/wp\/v2\/product_tag?post=70849"}],"curies":[{"name":"wp","href":"https:\/\/api.w.org\/{rel}","templated":true}]}}