{"id":70845,"date":"2024-03-22T19:37:51","date_gmt":"2024-03-22T18:37:51","guid":{"rendered":"https:\/\/abinox-chr-clim.com\/index.php\/product\/chafing-dish-electrique-rectangulaire-olympia\/"},"modified":"2026-04-13T06:26:38","modified_gmt":"2026-04-13T04:26:38","slug":"chafing-dish-electrique-rectangulaire-olympia","status":"publish","type":"product","link":"https:\/\/abinox-chr-clim.com\/index.php\/product\/chafing-dish-electrique-rectangulaire-olympia\/","title":{"rendered":"Chafing dish \u00e9lectrique rectangulaire Olympia"},"content":{"rendered":"<p>M\u00e9thode de pr\u00e9sentation attractive, id\u00e9ale pour une utilisation sous forme de buffet. Fabriqu\u00e9 en inox de premi\u00e8re qualit\u00e9 avec fen\u00eatre en verre dans les couvercles pour permettre de pr\u00e9senter les plats sans les ouvrir. Utilisation plus s\u00fbre que les chauffe-plats \u00e0 combustible traditionnels, sans flamme nue. Le syst\u00e8me d&rsquo;ouverture et de fermeture hydraulique du couvercle offre \u00e9galement une s\u00e9curit\u00e9 accrue et une utilisation confortable. Fournis avec un bac \u00e0 aliment. Des bacs suppl\u00e9mentaires sont disponibles pour acc\u00e9l\u00e9rer le roulement.<br \/>M\u00e9thode de pr\u00e9sentation attrayante des aliments id\u00e9ale pour les buffets. Fourni avec une po\u00eale, les po\u00eales de rechange sont disponibles s\u00e9par\u00e9ment (GC963). Dimensions de la po\u00eale \u00e0\u00a0 aliments : 65(H) x 530(L) x 327(P)mm. R\u00e9f\u00e9rence soumise \u00e0 une Eco-participation mobilier de 0.87\u20ac par unit\u00e9 vendue.  Dimensions bac \u00e0 aliments 65(H)x 530(L)x 327(P)mm. M\u00e9thode de pr\u00e9sentation attrayante des aliments id\u00e9ale pour les buffets.<\/p>\n<p>Caract\u00e9ristiques :<br \/> Capacit\u00e9 : 8L.<br \/> Dimensions : 250(H) x 590(L) x 455(P) mm.<br \/> Mati\u00e8re : Inox et verre.<br \/> Couleur : .<br \/> Puissance : 280 W.<\/p>\n","protected":false},"excerpt":{"rendered":"<p>Chafing dish \u00e9lectrique rectangulaire Olympia<\/p>\n","protected":false},"featured_media":101232,"comment_status":"closed","ping_status":"closed","template":"","meta":[],"product_brand":[],"product_cat":[1114,1116,1297,1106],"product_tag":[],"class_list":{"0":"post-70845","1":"product","2":"type-product","3":"status-publish","4":"has-post-thumbnail","6":"product_cat-buffet","7":"product_cat-chafing-dish","8":"product_cat-non-palettisable","9":"product_cat-restaurant-bar-et-hotel","10":"product_shipping_class-free-shipping","12":"first","13":"instock","14":"featured","15":"taxable","16":"shipping-taxable","17":"purchasable","18":"product-type-simple"},"_links":{"self":[{"href":"https:\/\/abinox-chr-clim.com\/index.php\/wp-json\/wp\/v2\/product\/70845","targetHints":{"allow":["GET"]}}],"collection":[{"href":"https:\/\/abinox-chr-clim.com\/index.php\/wp-json\/wp\/v2\/product"}],"about":[{"href":"https:\/\/abinox-chr-clim.com\/index.php\/wp-json\/wp\/v2\/types\/product"}],"replies":[{"embeddable":true,"href":"https:\/\/abinox-chr-clim.com\/index.php\/wp-json\/wp\/v2\/comments?post=70845"}],"wp:featuredmedia":[{"embeddable":true,"href":"https:\/\/abinox-chr-clim.com\/index.php\/wp-json\/wp\/v2\/media\/101232"}],"wp:attachment":[{"href":"https:\/\/abinox-chr-clim.com\/index.php\/wp-json\/wp\/v2\/media?parent=70845"}],"wp:term":[{"taxonomy":"product_brand","embeddable":true,"href":"https:\/\/abinox-chr-clim.com\/index.php\/wp-json\/wp\/v2\/product_brand?post=70845"},{"taxonomy":"product_cat","embeddable":true,"href":"https:\/\/abinox-chr-clim.com\/index.php\/wp-json\/wp\/v2\/product_cat?post=70845"},{"taxonomy":"product_tag","embeddable":true,"href":"https:\/\/abinox-chr-clim.com\/index.php\/wp-json\/wp\/v2\/product_tag?post=70845"}],"curies":[{"name":"wp","href":"https:\/\/api.w.org\/{rel}","templated":true}]}}