{"id":70844,"date":"2024-03-22T19:37:50","date_gmt":"2024-03-22T18:37:50","guid":{"rendered":"https:\/\/abinox-chr-clim.com\/index.php\/product\/cadre-de-couvercle-en-verre-olympia-induction-chafer-1-1\/"},"modified":"2026-04-13T07:48:13","modified_gmt":"2026-04-13T05:48:13","slug":"cadre-de-couvercle-en-verre-olympia-induction-chafer-1-1","status":"publish","type":"product","link":"https:\/\/abinox-chr-clim.com\/index.php\/product\/cadre-de-couvercle-en-verre-olympia-induction-chafer-1-1\/","title":{"rendered":"Cadre de couvercle en verre Olympia Induction Chafer 1\/1"},"content":{"rendered":"<p>Con\u00e7u pour \u00eatre utilis\u00e9 avec des plaques \u00e0 induction, le chaffing dish permet de conserver efficacement les aliments \u00e0 la temp\u00e9rature souhait\u00e9e. Support  FT039 vendu s\u00e9par\u00e9ment.<br \/>\u00c0 utiliser avec FT037. \u00c0 utiliser avec FT037.<\/p>\n<p>Caract\u00e9ristiques :<br \/> Dimensions : 152(H) x 550(L) x 415(P) mm.<br \/> Mati\u00e8re : Inox.<br \/> Couleur : Argent.<\/p>\n","protected":false},"excerpt":{"rendered":"<p>Cadre de couvercle en verre Olympia Induction Chafer 1\/1<\/p>\n","protected":false},"featured_media":100923,"comment_status":"closed","ping_status":"closed","template":"","meta":[],"product_brand":[],"product_cat":[1114,1116,1297,1106],"product_tag":[],"class_list":{"0":"post-70844","1":"product","2":"type-product","3":"status-publish","4":"has-post-thumbnail","6":"product_cat-buffet","7":"product_cat-chafing-dish","8":"product_cat-non-palettisable","9":"product_cat-restaurant-bar-et-hotel","10":"product_shipping_class-free-shipping","12":"first","13":"instock","14":"featured","15":"taxable","16":"shipping-taxable","17":"purchasable","18":"product-type-simple"},"_links":{"self":[{"href":"https:\/\/abinox-chr-clim.com\/index.php\/wp-json\/wp\/v2\/product\/70844","targetHints":{"allow":["GET"]}}],"collection":[{"href":"https:\/\/abinox-chr-clim.com\/index.php\/wp-json\/wp\/v2\/product"}],"about":[{"href":"https:\/\/abinox-chr-clim.com\/index.php\/wp-json\/wp\/v2\/types\/product"}],"replies":[{"embeddable":true,"href":"https:\/\/abinox-chr-clim.com\/index.php\/wp-json\/wp\/v2\/comments?post=70844"}],"wp:featuredmedia":[{"embeddable":true,"href":"https:\/\/abinox-chr-clim.com\/index.php\/wp-json\/wp\/v2\/media\/100923"}],"wp:attachment":[{"href":"https:\/\/abinox-chr-clim.com\/index.php\/wp-json\/wp\/v2\/media?parent=70844"}],"wp:term":[{"taxonomy":"product_brand","embeddable":true,"href":"https:\/\/abinox-chr-clim.com\/index.php\/wp-json\/wp\/v2\/product_brand?post=70844"},{"taxonomy":"product_cat","embeddable":true,"href":"https:\/\/abinox-chr-clim.com\/index.php\/wp-json\/wp\/v2\/product_cat?post=70844"},{"taxonomy":"product_tag","embeddable":true,"href":"https:\/\/abinox-chr-clim.com\/index.php\/wp-json\/wp\/v2\/product_tag?post=70844"}],"curies":[{"name":"wp","href":"https:\/\/api.w.org\/{rel}","templated":true}]}}