{"id":70842,"date":"2024-03-22T19:37:50","date_gmt":"2024-03-22T18:37:50","guid":{"rendered":"https:\/\/abinox-chr-clim.com\/index.php\/product\/chauffeuse-a-induction-olympia-1-1-gn\/"},"modified":"2026-04-13T07:48:12","modified_gmt":"2026-04-13T05:48:12","slug":"chauffeuse-a-induction-olympia-1-1-gn","status":"publish","type":"product","link":"https:\/\/abinox-chr-clim.com\/index.php\/product\/chauffeuse-a-induction-olympia-1-1-gn\/","title":{"rendered":"Chauffeuse \u00e0 induction Olympia 1\/1 GN"},"content":{"rendered":"<p>Con\u00e7u pour \u00eatre utilis\u00e9 avec des plaques \u00e0 induction, le chaffing dish permet de conserver efficacement les aliments \u00e0 la temp\u00e9rature souhait\u00e9e. Support  FT039 vendu s\u00e9par\u00e9ment.<br \/>Compatible avec les plaques \u00e0 induction pour un chauffage efficace et fiable. Le chauffage par induction conserve la fra\u00eecheur et la saveur. Le couvercle offre une excellente isolation pour une excellente r\u00e9tention de la chaleur. La fen\u00eatre en verre permet \u00e0 vos invit\u00e9s de voir les aliments avant de devoir ouvrir le couvercle. Le syst\u00e8me de retour d&rsquo;eau garantit que la condensation retourne vers le bac \u00e0 eau plut\u00f4t que vers vos aliments.Le couvercle s&rsquo;ouvre jusqu&rsquo;\u00e0 90 degr\u00e9s maximum mais reste ouvert \u00e0 60\u00b0.  Compatible avec les plaques \u00e0 induction pour un chauffage efficace et fiable.<\/p>\n<p>Caract\u00e9ristiques :<br \/> Dimensions : 195(H) x 586(L) x 450(P) mm.<br \/> Mati\u00e8re : Inox.<br \/> Couleur : Argent.<\/p>\n","protected":false},"excerpt":{"rendered":"<p>Chauffeuse \u00e0 induction Olympia 1\/1 GN<\/p>\n","protected":false},"featured_media":100921,"comment_status":"closed","ping_status":"closed","template":"","meta":[],"product_brand":[],"product_cat":[1114,1116,1297,1106],"product_tag":[],"class_list":{"0":"post-70842","1":"product","2":"type-product","3":"status-publish","4":"has-post-thumbnail","6":"product_cat-buffet","7":"product_cat-chafing-dish","8":"product_cat-non-palettisable","9":"product_cat-restaurant-bar-et-hotel","10":"product_shipping_class-free-shipping","12":"first","13":"instock","14":"featured","15":"taxable","16":"shipping-taxable","17":"purchasable","18":"product-type-simple"},"_links":{"self":[{"href":"https:\/\/abinox-chr-clim.com\/index.php\/wp-json\/wp\/v2\/product\/70842","targetHints":{"allow":["GET"]}}],"collection":[{"href":"https:\/\/abinox-chr-clim.com\/index.php\/wp-json\/wp\/v2\/product"}],"about":[{"href":"https:\/\/abinox-chr-clim.com\/index.php\/wp-json\/wp\/v2\/types\/product"}],"replies":[{"embeddable":true,"href":"https:\/\/abinox-chr-clim.com\/index.php\/wp-json\/wp\/v2\/comments?post=70842"}],"wp:featuredmedia":[{"embeddable":true,"href":"https:\/\/abinox-chr-clim.com\/index.php\/wp-json\/wp\/v2\/media\/100921"}],"wp:attachment":[{"href":"https:\/\/abinox-chr-clim.com\/index.php\/wp-json\/wp\/v2\/media?parent=70842"}],"wp:term":[{"taxonomy":"product_brand","embeddable":true,"href":"https:\/\/abinox-chr-clim.com\/index.php\/wp-json\/wp\/v2\/product_brand?post=70842"},{"taxonomy":"product_cat","embeddable":true,"href":"https:\/\/abinox-chr-clim.com\/index.php\/wp-json\/wp\/v2\/product_cat?post=70842"},{"taxonomy":"product_tag","embeddable":true,"href":"https:\/\/abinox-chr-clim.com\/index.php\/wp-json\/wp\/v2\/product_tag?post=70842"}],"curies":[{"name":"wp","href":"https:\/\/api.w.org\/{rel}","templated":true}]}}