{"id":70841,"date":"2024-03-22T19:37:49","date_gmt":"2024-03-22T18:37:49","guid":{"rendered":"https:\/\/abinox-chr-clim.com\/index.php\/product\/chafing-dish-electrique-olympia\/"},"modified":"2026-04-13T07:07:53","modified_gmt":"2026-04-13T05:07:53","slug":"chafing-dish-electrique-olympia","status":"publish","type":"product","link":"https:\/\/abinox-chr-clim.com\/index.php\/product\/chafing-dish-electrique-olympia\/","title":{"rendered":"Chafing dish \u00e9lectrique Olympia"},"content":{"rendered":"<p>Chauffe-plat \u00e9lectrique \u00e0 chaleur humide en acier inoxydable offrant un fonctionnement plus s\u00fbr, sans flammes nues. Contr\u00f4le de temp\u00e9rature r\u00e9glable. Livr\u00e9 avec un bac GN 1\/1.<br \/>Couvercle acier inoxydable. Bac GN 1\/1 inox fourni (profondeur 100mm, capacit\u00e9 13,5L). Temp\u00e9rature r\u00e9glable. R\u00e9f\u00e9rence soumise \u00e0 une Eco-participation mobilier de 0.48\u20ac par unit\u00e9 vendue. La temp\u00e9rature r\u00e9glable \u00e9vite aux aliments de recuire.Temp\u00e9rature minimale: temp\u00e9rature ambiante de la pi\u00e8ce. Temp\u00e9rature maximale: 85 \u00b0 C.Peut \u00eatre utilis\u00e9 avec ou sans support. Couvercle acier inoxydable.<\/p>\n<p>Caract\u00e9ristiques :<br \/> Capacit\u00e9 : 13.5L.<br \/> Dimensions : 362(H) x 638(L) x 347(P) mm.<br \/> Mati\u00e8re : Acier inoxydable.<br \/> Voltage : 230V.<br \/> Couleur : Noir et argent\u00e9.<br \/> Bac GN : GN 1\/1XY.<\/p>\n","protected":false},"excerpt":{"rendered":"<p>Chafing dish \u00e9lectrique Olympia<\/p>\n","protected":false},"featured_media":84697,"comment_status":"closed","ping_status":"closed","template":"","meta":[],"product_brand":[],"product_cat":[1114,1116,1297,1106],"product_tag":[],"class_list":{"0":"post-70841","1":"product","2":"type-product","3":"status-publish","4":"has-post-thumbnail","6":"product_cat-buffet","7":"product_cat-chafing-dish","8":"product_cat-non-palettisable","9":"product_cat-restaurant-bar-et-hotel","10":"product_shipping_class-free-shipping","12":"first","13":"outofstock","14":"featured","15":"taxable","16":"shipping-taxable","17":"purchasable","18":"product-type-simple"},"_links":{"self":[{"href":"https:\/\/abinox-chr-clim.com\/index.php\/wp-json\/wp\/v2\/product\/70841","targetHints":{"allow":["GET"]}}],"collection":[{"href":"https:\/\/abinox-chr-clim.com\/index.php\/wp-json\/wp\/v2\/product"}],"about":[{"href":"https:\/\/abinox-chr-clim.com\/index.php\/wp-json\/wp\/v2\/types\/product"}],"replies":[{"embeddable":true,"href":"https:\/\/abinox-chr-clim.com\/index.php\/wp-json\/wp\/v2\/comments?post=70841"}],"wp:featuredmedia":[{"embeddable":true,"href":"https:\/\/abinox-chr-clim.com\/index.php\/wp-json\/wp\/v2\/media\/84697"}],"wp:attachment":[{"href":"https:\/\/abinox-chr-clim.com\/index.php\/wp-json\/wp\/v2\/media?parent=70841"}],"wp:term":[{"taxonomy":"product_brand","embeddable":true,"href":"https:\/\/abinox-chr-clim.com\/index.php\/wp-json\/wp\/v2\/product_brand?post=70841"},{"taxonomy":"product_cat","embeddable":true,"href":"https:\/\/abinox-chr-clim.com\/index.php\/wp-json\/wp\/v2\/product_cat?post=70841"},{"taxonomy":"product_tag","embeddable":true,"href":"https:\/\/abinox-chr-clim.com\/index.php\/wp-json\/wp\/v2\/product_tag?post=70841"}],"curies":[{"name":"wp","href":"https:\/\/api.w.org\/{rel}","templated":true}]}}