{"id":70839,"date":"2024-03-22T19:37:49","date_gmt":"2024-03-22T18:37:49","guid":{"rendered":"https:\/\/abinox-chr-clim.com\/index.php\/product\/gel-combustible-pour-chauffe-plat-olympia-2h-x-12\/"},"modified":"2026-04-13T06:13:07","modified_gmt":"2026-04-13T04:13:07","slug":"gel-combustible-pour-chauffe-plat-olympia-2h-x-12","status":"publish","type":"product","link":"https:\/\/abinox-chr-clim.com\/index.php\/product\/gel-combustible-pour-chauffe-plat-olympia-2h-x-12\/","title":{"rendered":"Gel combustible pour chauffe-plat Olympia 2h x 12"},"content":{"rendered":"<p>Carburant \u00e0 base de bio\u00e9thanol non toxique, \u00e0 faible \u00e9mission de suie et d&rsquo;odeur. Le capuchon \u00e0 ouverture facile assure un rendement maximal de chaque bo\u00eete. 200g. Environ deux heures de dur\u00e9e de combustion.<br \/>Facile \u00e0 ouvrir \u00e0 la main, ce qui facilite la mise en place des tables. Dur\u00e9e de combustion d&rsquo;environ 2 heures pour durer pendant plusieurs services. L&rsquo;acier recyclable aide \u00e0 r\u00e9duire vos d\u00e9chets de d\u00e9charge. Con\u00e7u pour garder les aliments au chaud plus longtemps sur votre table. Fourni en lot de 12 pour durer pendant de nombreux services. Pour un usage professionnel uniquement. Con\u00e7u pour une utilisation unique. Le gel est compos\u00e9 de bio\u00e9thanol. Facile \u00e0 ouvrir \u00e0 la main, ce qui facilite la mise en place des tables.<\/p>\n<p>Caract\u00e9ristiques :<br \/>Lot : 12.<br \/> Mati\u00e8re : Acier recyclable.<br \/> Couleur : Acier inoxydable.<\/p>\n","protected":false},"excerpt":{"rendered":"<p>Gel combustible pour chauffe-plat Olympia 2h x 12<\/p>\n","protected":false},"featured_media":82208,"comment_status":"closed","ping_status":"closed","template":"","meta":[],"product_brand":[],"product_cat":[1114,1116,1297,1106],"product_tag":[],"class_list":{"0":"post-70839","1":"product","2":"type-product","3":"status-publish","4":"has-post-thumbnail","6":"product_cat-buffet","7":"product_cat-chafing-dish","8":"product_cat-non-palettisable","9":"product_cat-restaurant-bar-et-hotel","10":"product_shipping_class-free-shipping","12":"first","13":"instock","14":"featured","15":"taxable","16":"shipping-taxable","17":"purchasable","18":"product-type-simple"},"_links":{"self":[{"href":"https:\/\/abinox-chr-clim.com\/index.php\/wp-json\/wp\/v2\/product\/70839","targetHints":{"allow":["GET"]}}],"collection":[{"href":"https:\/\/abinox-chr-clim.com\/index.php\/wp-json\/wp\/v2\/product"}],"about":[{"href":"https:\/\/abinox-chr-clim.com\/index.php\/wp-json\/wp\/v2\/types\/product"}],"replies":[{"embeddable":true,"href":"https:\/\/abinox-chr-clim.com\/index.php\/wp-json\/wp\/v2\/comments?post=70839"}],"wp:featuredmedia":[{"embeddable":true,"href":"https:\/\/abinox-chr-clim.com\/index.php\/wp-json\/wp\/v2\/media\/82208"}],"wp:attachment":[{"href":"https:\/\/abinox-chr-clim.com\/index.php\/wp-json\/wp\/v2\/media?parent=70839"}],"wp:term":[{"taxonomy":"product_brand","embeddable":true,"href":"https:\/\/abinox-chr-clim.com\/index.php\/wp-json\/wp\/v2\/product_brand?post=70839"},{"taxonomy":"product_cat","embeddable":true,"href":"https:\/\/abinox-chr-clim.com\/index.php\/wp-json\/wp\/v2\/product_cat?post=70839"},{"taxonomy":"product_tag","embeddable":true,"href":"https:\/\/abinox-chr-clim.com\/index.php\/wp-json\/wp\/v2\/product_tag?post=70839"}],"curies":[{"name":"wp","href":"https:\/\/api.w.org\/{rel}","templated":true}]}}