{"id":70837,"date":"2024-03-22T19:37:48","date_gmt":"2024-03-22T18:37:48","guid":{"rendered":"https:\/\/abinox-chr-clim.com\/index.php\/product\/combustible-liquide-olympia-4-heures-lot-de-12\/"},"modified":"2026-04-13T06:09:28","modified_gmt":"2026-04-13T04:09:28","slug":"combustible-liquide-olympia-4-heures-lot-de-12","status":"publish","type":"product","link":"https:\/\/abinox-chr-clim.com\/index.php\/product\/combustible-liquide-olympia-4-heures-lot-de-12\/","title":{"rendered":"Combustible liquide Olympia 4 heures (Lot de 12)"},"content":{"rendered":"<p>Combustible non dangereux* avec r\u00e9servoir interne permettant d&rsquo;\u00e9viter tout d\u00e9versement s&rsquo;il est renvers\u00e9. Pour encore plus de s\u00e9curit\u00e9, ce combustible ne peut pas s&rsquo;enflammer sans la m\u00e8che et n&rsquo;est pas combustible (pas de point d&rsquo;\u00e9clair). La flamme visible permet d&rsquo;\u00e9viter toute br\u00fblure accidentelle.<br \/>Approuv\u00e9 comme combustible non dangereux pour le chauffage des aliments &#8211; pas de restrictions de stockage ou de transport. Facile \u00e0 ouvrir et \u00e0 refermer, ce qui permet de gagner du temps pendant le service. Ne s&rsquo;\u00e9vapore pas s&rsquo;il reste ouvert, pour durer plus longtemps. La dur\u00e9e de combustion de 4 heures signifie que le combustible est durable. Conteneur au toucher froid, m\u00eame lorsqu&rsquo;il est allum\u00e9, pour \u00e9viter les br\u00fblures. Ininflammable et incombustible sans la m\u00e8che r\u00e9allumable, pour plus de s\u00e9curit\u00e9.  Approuv\u00e9 comme combustible non dangereux pour le chauffage des aliments &#8211; pas de restrictions de stockage ou de transport.<\/p>\n<p>Caract\u00e9ristiques :<br \/>Lot : 12.<br \/> Mati\u00e8re : Inox<\/p>\n","protected":false},"excerpt":{"rendered":"<p>Combustible liquide Olympia 4 heures (Lot de 12)<\/p>\n","protected":false},"featured_media":80448,"comment_status":"closed","ping_status":"closed","template":"","meta":[],"product_brand":[],"product_cat":[1114,1116,1297,1106],"product_tag":[],"class_list":{"0":"post-70837","1":"product","2":"type-product","3":"status-publish","4":"has-post-thumbnail","6":"product_cat-buffet","7":"product_cat-chafing-dish","8":"product_cat-non-palettisable","9":"product_cat-restaurant-bar-et-hotel","10":"product_shipping_class-free-shipping","12":"first","13":"instock","14":"featured","15":"taxable","16":"shipping-taxable","17":"purchasable","18":"product-type-simple"},"_links":{"self":[{"href":"https:\/\/abinox-chr-clim.com\/index.php\/wp-json\/wp\/v2\/product\/70837","targetHints":{"allow":["GET"]}}],"collection":[{"href":"https:\/\/abinox-chr-clim.com\/index.php\/wp-json\/wp\/v2\/product"}],"about":[{"href":"https:\/\/abinox-chr-clim.com\/index.php\/wp-json\/wp\/v2\/types\/product"}],"replies":[{"embeddable":true,"href":"https:\/\/abinox-chr-clim.com\/index.php\/wp-json\/wp\/v2\/comments?post=70837"}],"wp:featuredmedia":[{"embeddable":true,"href":"https:\/\/abinox-chr-clim.com\/index.php\/wp-json\/wp\/v2\/media\/80448"}],"wp:attachment":[{"href":"https:\/\/abinox-chr-clim.com\/index.php\/wp-json\/wp\/v2\/media?parent=70837"}],"wp:term":[{"taxonomy":"product_brand","embeddable":true,"href":"https:\/\/abinox-chr-clim.com\/index.php\/wp-json\/wp\/v2\/product_brand?post=70837"},{"taxonomy":"product_cat","embeddable":true,"href":"https:\/\/abinox-chr-clim.com\/index.php\/wp-json\/wp\/v2\/product_cat?post=70837"},{"taxonomy":"product_tag","embeddable":true,"href":"https:\/\/abinox-chr-clim.com\/index.php\/wp-json\/wp\/v2\/product_tag?post=70837"}],"curies":[{"name":"wp","href":"https:\/\/api.w.org\/{rel}","templated":true}]}}