{"id":70835,"date":"2024-03-22T19:37:47","date_gmt":"2024-03-22T18:37:47","guid":{"rendered":"https:\/\/abinox-chr-clim.com\/index.php\/product\/chafing-dish-electrique-carre-olympia\/"},"modified":"2026-04-13T06:09:26","modified_gmt":"2026-04-13T04:09:26","slug":"chafing-dish-electrique-carre-olympia","status":"publish","type":"product","link":"https:\/\/abinox-chr-clim.com\/index.php\/product\/chafing-dish-electrique-carre-olympia\/","title":{"rendered":"Chafing dish \u00e9lectrique carr\u00e9 Olympia"},"content":{"rendered":"<p>M\u00e9thode de pr\u00e9sentation attractive, id\u00e9ale pour une utilisation sous forme de buffet. Fabriqu\u00e9 en inox de premi\u00e8re qualit\u00e9 avec fen\u00eatre en verre dans les couvercles pour permettre de pr\u00e9senter les plats sans les ouvrir. Utilisation plus s\u00fbre que les chauffe-plats \u00e0 combustible traditionnels, sans flamme nue. Le syst\u00e8me d&rsquo;ouverture et de fermeture hydraulique du couvercle offre \u00e9galement une s\u00e9curit\u00e9 accrue et une utilisation confortable. Fournis avec un bac \u00e0 aliment. Des bacs suppl\u00e9mentaires sont disponibles pour acc\u00e9l\u00e9rer le roulement.<br \/>Couvercle \u00e0\u00a0 fermeture souple. Fonctionnement \u00e0\u00a0 chaleur humide. Fourni avec la po\u00eale, les po\u00eales de rechange sont disponibles s\u00e9par\u00e9ment (CB732). R\u00e9f\u00e9rence soumise \u00e0 une Eco-participation mobilier de 0.65\u20ac par unit\u00e9 vendue.  Dimensions de la po\u00eale : 65(H) x 353(L) x 327(P)mm. R\u00e9f\u00e9rence soumise \u00e0 une Eco-participation DEEE de 0,22\u20ac par unit\u00e9 vendue. Couvercle \u00e0\u00a0 fermeture souple.<\/p>\n<p>Caract\u00e9ristiques :<br \/> Capacit\u00e9 : 6 L.<br \/> Dimensions : 240(H) x 410(L) x 410(P) mm.<br \/> Mati\u00e8re : Acier inoxydable et verre.<br \/> Voltage : 220V.<br \/> Couleur : Acier inoxydable et cr\u00e8me.<br \/> Puissance : 280 W.<\/p>\n","protected":false},"excerpt":{"rendered":"<p>Chafing dish \u00e9lectrique carr\u00e9 Olympia<\/p>\n","protected":false},"featured_media":80440,"comment_status":"closed","ping_status":"closed","template":"","meta":[],"product_brand":[],"product_cat":[1114,1116,1297,1106],"product_tag":[],"class_list":{"0":"post-70835","1":"product","2":"type-product","3":"status-publish","4":"has-post-thumbnail","6":"product_cat-buffet","7":"product_cat-chafing-dish","8":"product_cat-non-palettisable","9":"product_cat-restaurant-bar-et-hotel","10":"product_shipping_class-free-shipping","12":"first","13":"instock","14":"featured","15":"taxable","16":"shipping-taxable","17":"purchasable","18":"product-type-simple"},"_links":{"self":[{"href":"https:\/\/abinox-chr-clim.com\/index.php\/wp-json\/wp\/v2\/product\/70835","targetHints":{"allow":["GET"]}}],"collection":[{"href":"https:\/\/abinox-chr-clim.com\/index.php\/wp-json\/wp\/v2\/product"}],"about":[{"href":"https:\/\/abinox-chr-clim.com\/index.php\/wp-json\/wp\/v2\/types\/product"}],"replies":[{"embeddable":true,"href":"https:\/\/abinox-chr-clim.com\/index.php\/wp-json\/wp\/v2\/comments?post=70835"}],"wp:featuredmedia":[{"embeddable":true,"href":"https:\/\/abinox-chr-clim.com\/index.php\/wp-json\/wp\/v2\/media\/80440"}],"wp:attachment":[{"href":"https:\/\/abinox-chr-clim.com\/index.php\/wp-json\/wp\/v2\/media?parent=70835"}],"wp:term":[{"taxonomy":"product_brand","embeddable":true,"href":"https:\/\/abinox-chr-clim.com\/index.php\/wp-json\/wp\/v2\/product_brand?post=70835"},{"taxonomy":"product_cat","embeddable":true,"href":"https:\/\/abinox-chr-clim.com\/index.php\/wp-json\/wp\/v2\/product_cat?post=70835"},{"taxonomy":"product_tag","embeddable":true,"href":"https:\/\/abinox-chr-clim.com\/index.php\/wp-json\/wp\/v2\/product_tag?post=70835"}],"curies":[{"name":"wp","href":"https:\/\/api.w.org\/{rel}","templated":true}]}}