{"id":70833,"date":"2024-03-22T19:37:47","date_gmt":"2024-03-22T18:37:47","guid":{"rendered":"https:\/\/abinox-chr-clim.com\/index.php\/product\/support-pour-couvercle-de-chafing-dish-olympia\/"},"modified":"2026-04-13T06:09:24","modified_gmt":"2026-04-13T04:09:24","slug":"support-pour-couvercle-de-chafing-dish-olympia","status":"publish","type":"product","link":"https:\/\/abinox-chr-clim.com\/index.php\/product\/support-pour-couvercle-de-chafing-dish-olympia\/","title":{"rendered":"Support pour couvercle de chafing dish Olympia"},"content":{"rendered":"<p>En acier inoxydable 18\/0, se positionne entre la structure et le bac \u00e0 eau pour permettre au couvercle de tenir derri\u00e8re le c\u00f4t\u00e9 long. A utiliser avec les chauffe-plats Rome, Milan et Oslo.<br \/>Support de couvercle pour K408, K409 et U007. Support de couvercle pour K408, K409 et U007.<\/p>\n<p>Caract\u00e9ristiques :<br \/> Dimensions : 63(H) x 150(L) x 65(P) mm.<br \/> Mati\u00e8re : Acier inoxydable.<br \/> Couleur : Acier inoxydable.<\/p>\n","protected":false},"excerpt":{"rendered":"<p>Support pour couvercle de chafing dish Olympia<\/p>\n","protected":false},"featured_media":80431,"comment_status":"closed","ping_status":"closed","template":"","meta":[],"product_brand":[],"product_cat":[1114,1116,1297,1106],"product_tag":[],"class_list":{"0":"post-70833","1":"product","2":"type-product","3":"status-publish","4":"has-post-thumbnail","6":"product_cat-buffet","7":"product_cat-chafing-dish","8":"product_cat-non-palettisable","9":"product_cat-restaurant-bar-et-hotel","10":"product_shipping_class-free-shipping","12":"first","13":"instock","14":"featured","15":"taxable","16":"shipping-taxable","17":"purchasable","18":"product-type-simple"},"_links":{"self":[{"href":"https:\/\/abinox-chr-clim.com\/index.php\/wp-json\/wp\/v2\/product\/70833","targetHints":{"allow":["GET"]}}],"collection":[{"href":"https:\/\/abinox-chr-clim.com\/index.php\/wp-json\/wp\/v2\/product"}],"about":[{"href":"https:\/\/abinox-chr-clim.com\/index.php\/wp-json\/wp\/v2\/types\/product"}],"replies":[{"embeddable":true,"href":"https:\/\/abinox-chr-clim.com\/index.php\/wp-json\/wp\/v2\/comments?post=70833"}],"wp:featuredmedia":[{"embeddable":true,"href":"https:\/\/abinox-chr-clim.com\/index.php\/wp-json\/wp\/v2\/media\/80431"}],"wp:attachment":[{"href":"https:\/\/abinox-chr-clim.com\/index.php\/wp-json\/wp\/v2\/media?parent=70833"}],"wp:term":[{"taxonomy":"product_brand","embeddable":true,"href":"https:\/\/abinox-chr-clim.com\/index.php\/wp-json\/wp\/v2\/product_brand?post=70833"},{"taxonomy":"product_cat","embeddable":true,"href":"https:\/\/abinox-chr-clim.com\/index.php\/wp-json\/wp\/v2\/product_cat?post=70833"},{"taxonomy":"product_tag","embeddable":true,"href":"https:\/\/abinox-chr-clim.com\/index.php\/wp-json\/wp\/v2\/product_tag?post=70833"}],"curies":[{"name":"wp","href":"https:\/\/api.w.org\/{rel}","templated":true}]}}