{"id":70828,"date":"2024-03-22T19:37:42","date_gmt":"2024-03-22T18:37:42","guid":{"rendered":"https:\/\/abinox-chr-clim.com\/index.php\/product\/plat-a-gateau-rotatif-aps\/"},"modified":"2026-04-13T06:46:22","modified_gmt":"2026-04-13T04:46:22","slug":"plat-a-gateau-rotatif-aps","status":"publish","type":"product","link":"https:\/\/abinox-chr-clim.com\/index.php\/product\/plat-a-gateau-rotatif-aps\/","title":{"rendered":"Plat \u00e0 g\u00e2teau rotatif APS"},"content":{"rendered":"<p>Plat \u00e0 g\u00e2teau rotatif en acier inoxydable et couvercle (vendu s\u00e9par\u00e9ment), pour des aliments d&rsquo;une hauteur maximale de 75 mm.<br \/>Hauteur du plat 70mm. Hauteur du plat 70mm. .<br \/> Caract\u00e9ristiques :<br \/> Dimensions : 70(H) x 310(\u00d8) mm.<br \/> Mati\u00e8re : Acier inoxydable.<br \/> Couleur : Acier inoxydable.<\/p>\n","protected":false},"excerpt":{"rendered":"<p>Plat \u00e0 g\u00e2teau rotatif APS<\/p>\n","protected":false},"featured_media":103537,"comment_status":"closed","ping_status":"closed","template":"","meta":[],"product_brand":[],"product_cat":[1115,1114,1297,1106],"product_tag":[],"class_list":{"0":"post-70828","1":"product","2":"type-product","3":"status-publish","4":"has-post-thumbnail","6":"product_cat-accessoires-buffet","7":"product_cat-buffet","8":"product_cat-non-palettisable","9":"product_cat-restaurant-bar-et-hotel","10":"product_shipping_class-free-shipping","12":"first","13":"instock","14":"featured","15":"taxable","16":"shipping-taxable","17":"purchasable","18":"product-type-simple"},"_links":{"self":[{"href":"https:\/\/abinox-chr-clim.com\/index.php\/wp-json\/wp\/v2\/product\/70828","targetHints":{"allow":["GET"]}}],"collection":[{"href":"https:\/\/abinox-chr-clim.com\/index.php\/wp-json\/wp\/v2\/product"}],"about":[{"href":"https:\/\/abinox-chr-clim.com\/index.php\/wp-json\/wp\/v2\/types\/product"}],"replies":[{"embeddable":true,"href":"https:\/\/abinox-chr-clim.com\/index.php\/wp-json\/wp\/v2\/comments?post=70828"}],"wp:featuredmedia":[{"embeddable":true,"href":"https:\/\/abinox-chr-clim.com\/index.php\/wp-json\/wp\/v2\/media\/103537"}],"wp:attachment":[{"href":"https:\/\/abinox-chr-clim.com\/index.php\/wp-json\/wp\/v2\/media?parent=70828"}],"wp:term":[{"taxonomy":"product_brand","embeddable":true,"href":"https:\/\/abinox-chr-clim.com\/index.php\/wp-json\/wp\/v2\/product_brand?post=70828"},{"taxonomy":"product_cat","embeddable":true,"href":"https:\/\/abinox-chr-clim.com\/index.php\/wp-json\/wp\/v2\/product_cat?post=70828"},{"taxonomy":"product_tag","embeddable":true,"href":"https:\/\/abinox-chr-clim.com\/index.php\/wp-json\/wp\/v2\/product_tag?post=70828"}],"curies":[{"name":"wp","href":"https:\/\/api.w.org\/{rel}","templated":true}]}}