{"id":70824,"date":"2024-03-22T19:37:41","date_gmt":"2024-03-22T18:37:41","guid":{"rendered":"https:\/\/abinox-chr-clim.com\/index.php\/product\/presentoir-a-gateaux-a-3-niveaux-olympia\/"},"modified":"2026-04-13T06:30:56","modified_gmt":"2026-04-13T04:30:56","slug":"presentoir-a-gateaux-a-3-niveaux-olympia","status":"publish","type":"product","link":"https:\/\/abinox-chr-clim.com\/index.php\/product\/presentoir-a-gateaux-a-3-niveaux-olympia\/","title":{"rendered":"Pr\u00e9sentoir \u00e0 g\u00e2teaux \u00e0 3 niveaux Olympia"},"content":{"rendered":"<p>En \u00e9tages pour une meilleure pr\u00e9sentation. Les assiettes vont au lave-vaisselle pour un nettoyage facile. Le mat\u00e9riau est adapt\u00e9 \u00e0 la pr\u00e9sentation des aliments chauds et froids. Parfaites pour le service apr\u00e8s le d\u00eener ou le go\u00fbter. Peut pr\u00e9senter des aliments chauds et froids. Assiettes blanches \u00e9l\u00e9gantes. Tige centrale en acier inoxydable poli. Construction robuste. La tige en acier inoxydable rend le support solide. Porcelaine pour une finition haut de gamme. Couleur blanche pour un look \u00e9pur\u00e9. En \u00e9tages pour une meilleure pr\u00e9sentation.<\/p>\n<p>Caract\u00e9ristiques :<br \/> Dimensions : 152mm, 229mm et 270mm (\u00d8) x 355(H)mm.<br \/> Mati\u00e8re : Porcelaine<\/p>\n","protected":false},"excerpt":{"rendered":"<p>Pr\u00e9sentoir \u00e0 g\u00e2teaux \u00e0 3 niveaux Olympia<\/p>\n","protected":false},"featured_media":101661,"comment_status":"closed","ping_status":"closed","template":"","meta":[],"product_brand":[],"product_cat":[1115,1114,1297,1106],"product_tag":[],"class_list":{"0":"post-70824","1":"product","2":"type-product","3":"status-publish","4":"has-post-thumbnail","6":"product_cat-accessoires-buffet","7":"product_cat-buffet","8":"product_cat-non-palettisable","9":"product_cat-restaurant-bar-et-hotel","10":"product_shipping_class-free-shipping","12":"first","13":"instock","14":"featured","15":"taxable","16":"shipping-taxable","17":"purchasable","18":"product-type-simple"},"_links":{"self":[{"href":"https:\/\/abinox-chr-clim.com\/index.php\/wp-json\/wp\/v2\/product\/70824","targetHints":{"allow":["GET"]}}],"collection":[{"href":"https:\/\/abinox-chr-clim.com\/index.php\/wp-json\/wp\/v2\/product"}],"about":[{"href":"https:\/\/abinox-chr-clim.com\/index.php\/wp-json\/wp\/v2\/types\/product"}],"replies":[{"embeddable":true,"href":"https:\/\/abinox-chr-clim.com\/index.php\/wp-json\/wp\/v2\/comments?post=70824"}],"wp:featuredmedia":[{"embeddable":true,"href":"https:\/\/abinox-chr-clim.com\/index.php\/wp-json\/wp\/v2\/media\/101661"}],"wp:attachment":[{"href":"https:\/\/abinox-chr-clim.com\/index.php\/wp-json\/wp\/v2\/media?parent=70824"}],"wp:term":[{"taxonomy":"product_brand","embeddable":true,"href":"https:\/\/abinox-chr-clim.com\/index.php\/wp-json\/wp\/v2\/product_brand?post=70824"},{"taxonomy":"product_cat","embeddable":true,"href":"https:\/\/abinox-chr-clim.com\/index.php\/wp-json\/wp\/v2\/product_cat?post=70824"},{"taxonomy":"product_tag","embeddable":true,"href":"https:\/\/abinox-chr-clim.com\/index.php\/wp-json\/wp\/v2\/product_tag?post=70824"}],"curies":[{"name":"wp","href":"https:\/\/api.w.org\/{rel}","templated":true}]}}