{"id":70819,"date":"2024-03-22T19:37:39","date_gmt":"2024-03-22T18:37:39","guid":{"rendered":"https:\/\/abinox-chr-clim.com\/index.php\/product\/couvercle-pour-plat-a-gateau-en-plastique-aps-pure\/"},"modified":"2026-04-13T06:28:14","modified_gmt":"2026-04-13T04:28:14","slug":"couvercle-pour-plat-a-gateau-en-plastique-aps-pure","status":"publish","type":"product","link":"https:\/\/abinox-chr-clim.com\/index.php\/product\/couvercle-pour-plat-a-gateau-en-plastique-aps-pure\/","title":{"rendered":"Couvercle pour plat \u00e0 g\u00e2teau en plastique APS Pure"},"content":{"rendered":"<p>Plats \u00e0 g\u00e2teau en m\u00e9lamine avec bords incurv\u00e9s pour un ajustement parfait avec le couvercle. Poss\u00e8dent des pieds en caoutchouc antid\u00e9rapants. Compatibles lave-vaisselle. Plats et couvercle vendus s\u00e9par\u00e9ment.<br \/>Un moyen s\u00fbr et hygi\u00e9nique de pr\u00e9senter vos d\u00e9licieux g\u00e2teaux faits maison. Offre une visibilit\u00e9 \u00e0 360\u00b0 pour plus d&rsquo;achats impulsifs. Le diam\u00e8tre de 300 mm offre suffisamment d&rsquo;espace pour couvrir les plus gros g\u00e2teaux. La poign\u00e9e centrale permet de soulever facilement le couvercle pour servir une part. Fabriqu\u00e9 \u00e0 partir d&rsquo;un plastique r\u00e9sistant aux chocs et aux coups. Lavable au lave-vaisselle pour \u00e9conomiser du temps et des efforts lors du nettoyage. Convient parfaitement aux plats \u00e0 g\u00e2teaux en m\u00e9lamine APS Pure &#8211; GF153, GK858.Un moyen s\u00fbr et hygi\u00e9nique de pr\u00e9senter vos d\u00e9licieux g\u00e2teaux faits maison.<\/p>\n<p>Caract\u00e9ristiques :<br \/> Dimensions : 115(H) x 300(\u00d8) mm.<br \/> Mati\u00e8re : Plastique.<br \/> Couleur : Transparent.<\/p>\n","protected":false},"excerpt":{"rendered":"<p>Couvercle pour plat \u00e0 g\u00e2teau en plastique APS Pure<\/p>\n","protected":false},"featured_media":103383,"comment_status":"closed","ping_status":"closed","template":"","meta":[],"product_brand":[],"product_cat":[1115,1114,1297,1106],"product_tag":[],"class_list":{"0":"post-70819","1":"product","2":"type-product","3":"status-publish","4":"has-post-thumbnail","6":"product_cat-accessoires-buffet","7":"product_cat-buffet","8":"product_cat-non-palettisable","9":"product_cat-restaurant-bar-et-hotel","10":"product_shipping_class-free-shipping","12":"first","13":"instock","14":"featured","15":"taxable","16":"shipping-taxable","17":"purchasable","18":"product-type-simple"},"_links":{"self":[{"href":"https:\/\/abinox-chr-clim.com\/index.php\/wp-json\/wp\/v2\/product\/70819","targetHints":{"allow":["GET"]}}],"collection":[{"href":"https:\/\/abinox-chr-clim.com\/index.php\/wp-json\/wp\/v2\/product"}],"about":[{"href":"https:\/\/abinox-chr-clim.com\/index.php\/wp-json\/wp\/v2\/types\/product"}],"replies":[{"embeddable":true,"href":"https:\/\/abinox-chr-clim.com\/index.php\/wp-json\/wp\/v2\/comments?post=70819"}],"wp:featuredmedia":[{"embeddable":true,"href":"https:\/\/abinox-chr-clim.com\/index.php\/wp-json\/wp\/v2\/media\/103383"}],"wp:attachment":[{"href":"https:\/\/abinox-chr-clim.com\/index.php\/wp-json\/wp\/v2\/media?parent=70819"}],"wp:term":[{"taxonomy":"product_brand","embeddable":true,"href":"https:\/\/abinox-chr-clim.com\/index.php\/wp-json\/wp\/v2\/product_brand?post=70819"},{"taxonomy":"product_cat","embeddable":true,"href":"https:\/\/abinox-chr-clim.com\/index.php\/wp-json\/wp\/v2\/product_cat?post=70819"},{"taxonomy":"product_tag","embeddable":true,"href":"https:\/\/abinox-chr-clim.com\/index.php\/wp-json\/wp\/v2\/product_tag?post=70819"}],"curies":[{"name":"wp","href":"https:\/\/api.w.org\/{rel}","templated":true}]}}