{"id":70818,"date":"2024-03-22T19:37:39","date_gmt":"2024-03-22T18:37:39","guid":{"rendered":"https:\/\/abinox-chr-clim.com\/index.php\/product\/plat-a-gateau-en-melamine-aps-pure-blanc\/"},"modified":"2026-02-18T08:54:31","modified_gmt":"2026-02-18T07:54:31","slug":"plat-a-gateau-en-melamine-aps-pure-blanc","status":"publish","type":"product","link":"https:\/\/abinox-chr-clim.com\/index.php\/product\/plat-a-gateau-en-melamine-aps-pure-blanc\/","title":{"rendered":"Plat \u00e0 g\u00e2teau en m\u00e9lamine APS Pure blanc"},"content":{"rendered":"<p>Plats \u00e0 g\u00e2teau en m\u00e9lamine avec bords incurv\u00e9s pour un ajustement parfait avec le couvercle. Poss\u00e8dent des pieds en caoutchouc antid\u00e9rapants. Compatibles lave-vaisselle. Plats et couvercle vendus s\u00e9par\u00e9ment.<br \/>Empilable. Compatible lave-vaisselle. Empilable.<\/p>\n<p>Caract\u00e9ristiques :<br \/> Dimensions : 310(\u00d8) mm.<br \/> Mati\u00e8re : M\u00e9lamine.<br \/> Couleur : Blanc.<\/p>\n","protected":false},"excerpt":{"rendered":"<p>Plat \u00e0 g\u00e2teau en m\u00e9lamine APS Pure blanc<\/p>\n","protected":false},"featured_media":103382,"comment_status":"closed","ping_status":"closed","template":"","meta":[],"product_brand":[],"product_cat":[1115,1114,1297,1106],"product_tag":[],"class_list":{"0":"post-70818","1":"product","2":"type-product","3":"status-publish","4":"has-post-thumbnail","6":"product_cat-accessoires-buffet","7":"product_cat-buffet","8":"product_cat-non-palettisable","9":"product_cat-restaurant-bar-et-hotel","10":"product_shipping_class-free-shipping","12":"first","13":"outofstock","14":"featured","15":"taxable","16":"shipping-taxable","17":"purchasable","18":"product-type-simple"},"_links":{"self":[{"href":"https:\/\/abinox-chr-clim.com\/index.php\/wp-json\/wp\/v2\/product\/70818","targetHints":{"allow":["GET"]}}],"collection":[{"href":"https:\/\/abinox-chr-clim.com\/index.php\/wp-json\/wp\/v2\/product"}],"about":[{"href":"https:\/\/abinox-chr-clim.com\/index.php\/wp-json\/wp\/v2\/types\/product"}],"replies":[{"embeddable":true,"href":"https:\/\/abinox-chr-clim.com\/index.php\/wp-json\/wp\/v2\/comments?post=70818"}],"wp:featuredmedia":[{"embeddable":true,"href":"https:\/\/abinox-chr-clim.com\/index.php\/wp-json\/wp\/v2\/media\/103382"}],"wp:attachment":[{"href":"https:\/\/abinox-chr-clim.com\/index.php\/wp-json\/wp\/v2\/media?parent=70818"}],"wp:term":[{"taxonomy":"product_brand","embeddable":true,"href":"https:\/\/abinox-chr-clim.com\/index.php\/wp-json\/wp\/v2\/product_brand?post=70818"},{"taxonomy":"product_cat","embeddable":true,"href":"https:\/\/abinox-chr-clim.com\/index.php\/wp-json\/wp\/v2\/product_cat?post=70818"},{"taxonomy":"product_tag","embeddable":true,"href":"https:\/\/abinox-chr-clim.com\/index.php\/wp-json\/wp\/v2\/product_tag?post=70818"}],"curies":[{"name":"wp","href":"https:\/\/api.w.org\/{rel}","templated":true}]}}