{"id":70816,"date":"2024-03-22T19:37:38","date_gmt":"2024-03-22T18:37:38","guid":{"rendered":"https:\/\/abinox-chr-clim.com\/index.php\/product\/plat-a-gateau-sur-pied\/"},"modified":"2026-04-13T06:25:59","modified_gmt":"2026-04-13T04:25:59","slug":"plat-a-gateau-sur-pied","status":"publish","type":"product","link":"https:\/\/abinox-chr-clim.com\/index.php\/product\/plat-a-gateau-sur-pied\/","title":{"rendered":"Plat \u00e0 g\u00e2teau sur pied"},"content":{"rendered":"<p>Plat \u00e0 g\u00e2teau en porcelaine pour une pr\u00e9sentation facile et \u00e9l\u00e9gante des desserts. Adapt\u00e9 au lave-vaisselle.<br \/>Le diam\u00e8tre de 330 mm offre beaucoup d&rsquo;espace pour pr\u00e9senter vos plus gros g\u00e2teaux. Le socle sur\u00e9lev\u00e9 permet de mettre en valeur les plus beaux g\u00e2teaux. Le coloris neutre offre une toile de fond subtile pour mettre en valeur les g\u00e2teaux color\u00e9s. Fabriqu\u00e9 en porcelaine solide et durable pour une fiabilit\u00e9 \u00e0 long terme. Passe au lave-vaisselle pour \u00e9conomiser du temps et des efforts lors de l&rsquo;entretien.  Le diam\u00e8tre de 330 mm offre beaucoup d&rsquo;espace pour pr\u00e9senter vos plus gros g\u00e2teaux.<\/p>\n<p>Caract\u00e9ristiques :<br \/> Dimensions : 90(H) x 330(\u00d8) mm.<br \/> Mati\u00e8re : Porcelaine<\/p>\n","protected":false},"excerpt":{"rendered":"<p>Plat \u00e0 g\u00e2teau sur pied<\/p>\n","protected":false},"featured_media":101175,"comment_status":"closed","ping_status":"closed","template":"","meta":[],"product_brand":[],"product_cat":[1115,1114,1297,1106],"product_tag":[],"class_list":{"0":"post-70816","1":"product","2":"type-product","3":"status-publish","4":"has-post-thumbnail","6":"product_cat-accessoires-buffet","7":"product_cat-buffet","8":"product_cat-non-palettisable","9":"product_cat-restaurant-bar-et-hotel","10":"product_shipping_class-free-shipping","12":"first","13":"instock","14":"featured","15":"taxable","16":"shipping-taxable","17":"purchasable","18":"product-type-simple"},"_links":{"self":[{"href":"https:\/\/abinox-chr-clim.com\/index.php\/wp-json\/wp\/v2\/product\/70816","targetHints":{"allow":["GET"]}}],"collection":[{"href":"https:\/\/abinox-chr-clim.com\/index.php\/wp-json\/wp\/v2\/product"}],"about":[{"href":"https:\/\/abinox-chr-clim.com\/index.php\/wp-json\/wp\/v2\/types\/product"}],"replies":[{"embeddable":true,"href":"https:\/\/abinox-chr-clim.com\/index.php\/wp-json\/wp\/v2\/comments?post=70816"}],"wp:featuredmedia":[{"embeddable":true,"href":"https:\/\/abinox-chr-clim.com\/index.php\/wp-json\/wp\/v2\/media\/101175"}],"wp:attachment":[{"href":"https:\/\/abinox-chr-clim.com\/index.php\/wp-json\/wp\/v2\/media?parent=70816"}],"wp:term":[{"taxonomy":"product_brand","embeddable":true,"href":"https:\/\/abinox-chr-clim.com\/index.php\/wp-json\/wp\/v2\/product_brand?post=70816"},{"taxonomy":"product_cat","embeddable":true,"href":"https:\/\/abinox-chr-clim.com\/index.php\/wp-json\/wp\/v2\/product_cat?post=70816"},{"taxonomy":"product_tag","embeddable":true,"href":"https:\/\/abinox-chr-clim.com\/index.php\/wp-json\/wp\/v2\/product_tag?post=70816"}],"curies":[{"name":"wp","href":"https:\/\/api.w.org\/{rel}","templated":true}]}}