{"id":70799,"date":"2024-03-22T19:37:29","date_gmt":"2024-03-22T18:37:29","guid":{"rendered":"https:\/\/abinox-chr-clim.com\/index.php\/product\/plateau-en-bois-avec-couvercle-en-verre-aps-185-x-240-mm\/"},"modified":"2026-04-13T07:37:53","modified_gmt":"2026-04-13T05:37:53","slug":"plateau-en-bois-avec-couvercle-en-verre-aps-185-x-240-mm","status":"publish","type":"product","link":"https:\/\/abinox-chr-clim.com\/index.php\/product\/plateau-en-bois-avec-couvercle-en-verre-aps-185-x-240-mm\/","title":{"rendered":"Plateau en bois avec couvercle en verre APS 185\u00a0x\u00a0240\u00a0mm"},"content":{"rendered":"<p>Un design \u00e9l\u00e9gant qui s&rsquo;harmonise au d\u00e9cor de votre entreprise. Mat\u00e9riaux de haute qualit\u00e9 pour une utilisation durable. Parfaitement adapt\u00e9 pour une utilisation avec d&rsquo;autres produits APS. Un design \u00e9l\u00e9gant qui s&rsquo;harmonise au d\u00e9cor de votre entreprise.<\/p>\n<p>Caract\u00e9ristiques :<br \/> Mati\u00e8re : Bois<\/p>\n","protected":false},"excerpt":{"rendered":"<p>Plateau en bois avec couvercle en verre APS 185\u00a0x\u00a0240\u00a0mm<\/p>\n","protected":false},"featured_media":100968,"comment_status":"closed","ping_status":"closed","template":"","meta":[],"product_brand":[],"product_cat":[1115,1114,1297,1106],"product_tag":[],"class_list":{"0":"post-70799","1":"product","2":"type-product","3":"status-publish","4":"has-post-thumbnail","6":"product_cat-accessoires-buffet","7":"product_cat-buffet","8":"product_cat-non-palettisable","9":"product_cat-restaurant-bar-et-hotel","10":"product_shipping_class-free-shipping","12":"first","13":"instock","14":"featured","15":"taxable","16":"shipping-taxable","17":"purchasable","18":"product-type-simple"},"_links":{"self":[{"href":"https:\/\/abinox-chr-clim.com\/index.php\/wp-json\/wp\/v2\/product\/70799","targetHints":{"allow":["GET"]}}],"collection":[{"href":"https:\/\/abinox-chr-clim.com\/index.php\/wp-json\/wp\/v2\/product"}],"about":[{"href":"https:\/\/abinox-chr-clim.com\/index.php\/wp-json\/wp\/v2\/types\/product"}],"replies":[{"embeddable":true,"href":"https:\/\/abinox-chr-clim.com\/index.php\/wp-json\/wp\/v2\/comments?post=70799"}],"wp:featuredmedia":[{"embeddable":true,"href":"https:\/\/abinox-chr-clim.com\/index.php\/wp-json\/wp\/v2\/media\/100968"}],"wp:attachment":[{"href":"https:\/\/abinox-chr-clim.com\/index.php\/wp-json\/wp\/v2\/media?parent=70799"}],"wp:term":[{"taxonomy":"product_brand","embeddable":true,"href":"https:\/\/abinox-chr-clim.com\/index.php\/wp-json\/wp\/v2\/product_brand?post=70799"},{"taxonomy":"product_cat","embeddable":true,"href":"https:\/\/abinox-chr-clim.com\/index.php\/wp-json\/wp\/v2\/product_cat?post=70799"},{"taxonomy":"product_tag","embeddable":true,"href":"https:\/\/abinox-chr-clim.com\/index.php\/wp-json\/wp\/v2\/product_tag?post=70799"}],"curies":[{"name":"wp","href":"https:\/\/api.w.org\/{rel}","templated":true}]}}