{"id":70770,"date":"2024-03-22T19:37:18","date_gmt":"2024-03-22T18:37:18","guid":{"rendered":"https:\/\/abinox-chr-clim.com\/index.php\/product\/bac-a-couverts-gn-1-1-aps-530-x-325-mm\/"},"modified":"2026-04-11T09:59:53","modified_gmt":"2026-04-11T07:59:53","slug":"bac-a-couverts-gn-1-1-aps-530-x-325-mm","status":"publish","type":"product","link":"https:\/\/abinox-chr-clim.com\/index.php\/product\/bac-a-couverts-gn-1-1-aps-530-x-325-mm\/","title":{"rendered":"Bac \u00e0 couverts GN 1\/1 APS 530\u00a0x\u00a0325\u00a0mm"},"content":{"rendered":"<p>Un design \u00e9l\u00e9gant qui s&rsquo;harmonise au d\u00e9cor de votre entreprise. Mat\u00e9riaux de haute qualit\u00e9 pour une utilisation durable. Parfaitement adapt\u00e9 pour une utilisation avec d&rsquo;autres produits APS. Un design \u00e9l\u00e9gant qui s&rsquo;harmonise au d\u00e9cor de votre entreprise.<\/p>\n<p>Caract\u00e9ristiques :<br \/> Mati\u00e8re : Polypropyl\u00e8ne.<br \/> Couleur : Noir.<\/p>\n","protected":false},"excerpt":{"rendered":"<p>Bac \u00e0 couverts GN 1\/1 APS 530\u00a0x\u00a0325\u00a0mm<\/p>\n","protected":false},"featured_media":0,"comment_status":"closed","ping_status":"closed","template":"","meta":[],"product_brand":[],"product_cat":[1115,1114,1297,1106],"product_tag":[],"class_list":{"0":"post-70770","1":"product","2":"type-product","3":"status-publish","5":"product_cat-accessoires-buffet","6":"product_cat-buffet","7":"product_cat-non-palettisable","8":"product_cat-restaurant-bar-et-hotel","9":"product_shipping_class-free-shipping","11":"first","12":"instock","13":"featured","14":"taxable","15":"shipping-taxable","16":"purchasable","17":"product-type-simple"},"_links":{"self":[{"href":"https:\/\/abinox-chr-clim.com\/index.php\/wp-json\/wp\/v2\/product\/70770","targetHints":{"allow":["GET"]}}],"collection":[{"href":"https:\/\/abinox-chr-clim.com\/index.php\/wp-json\/wp\/v2\/product"}],"about":[{"href":"https:\/\/abinox-chr-clim.com\/index.php\/wp-json\/wp\/v2\/types\/product"}],"replies":[{"embeddable":true,"href":"https:\/\/abinox-chr-clim.com\/index.php\/wp-json\/wp\/v2\/comments?post=70770"}],"wp:attachment":[{"href":"https:\/\/abinox-chr-clim.com\/index.php\/wp-json\/wp\/v2\/media?parent=70770"}],"wp:term":[{"taxonomy":"product_brand","embeddable":true,"href":"https:\/\/abinox-chr-clim.com\/index.php\/wp-json\/wp\/v2\/product_brand?post=70770"},{"taxonomy":"product_cat","embeddable":true,"href":"https:\/\/abinox-chr-clim.com\/index.php\/wp-json\/wp\/v2\/product_cat?post=70770"},{"taxonomy":"product_tag","embeddable":true,"href":"https:\/\/abinox-chr-clim.com\/index.php\/wp-json\/wp\/v2\/product_tag?post=70770"}],"curies":[{"name":"wp","href":"https:\/\/api.w.org\/{rel}","templated":true}]}}