{"id":70762,"date":"2024-03-22T19:37:15","date_gmt":"2024-03-22T18:37:15","guid":{"rendered":"https:\/\/abinox-chr-clim.com\/index.php\/product\/caisse-en-bois-aps-superbox-555-x-350-mm-2\/"},"modified":"2025-06-30T11:26:09","modified_gmt":"2025-06-30T09:26:09","slug":"caisse-en-bois-aps-superbox-555-x-350-mm-2","status":"publish","type":"product","link":"https:\/\/abinox-chr-clim.com\/index.php\/product\/caisse-en-bois-aps-superbox-555-x-350-mm-2\/","title":{"rendered":"Caisse en bois APS Superbox 555\u00a0x\u00a0350\u00a0mm"},"content":{"rendered":"<p>Syst\u00e8me de pr\u00e9sentation \u00e9l\u00e9gant et unique du sp\u00e9cialiste buffet APS.<br \/>La conception \u00e9l\u00e9gante s\u00bfint\u00e8gre au d\u00e9cor de votre entreprise. Mat\u00e9riaux de haute qualit\u00e9 pour une utilisation durable. Parfaitement adapt\u00e9 pour une utilisation avec d&rsquo;autres produits APS. La conception \u00e9l\u00e9gante s\u00bfint\u00e8gre au d\u00e9cor de votre entreprise.<\/p>\n<p>Caract\u00e9ristiques :<br \/> Mati\u00e8re : Bois.<br \/> Couleur : Marron.<\/p>\n","protected":false},"excerpt":{"rendered":"<p>Caisse en bois APS Superbox 555\u00a0x\u00a0350\u00a0mm<\/p>\n","protected":false},"featured_media":100930,"comment_status":"closed","ping_status":"closed","template":"","meta":[],"product_brand":[],"product_cat":[1115,1114,1297,1106],"product_tag":[],"class_list":{"0":"post-70762","1":"product","2":"type-product","3":"status-publish","4":"has-post-thumbnail","6":"product_cat-accessoires-buffet","7":"product_cat-buffet","8":"product_cat-non-palettisable","9":"product_cat-restaurant-bar-et-hotel","10":"product_shipping_class-free-shipping","12":"first","13":"outofstock","14":"featured","15":"taxable","16":"shipping-taxable","17":"purchasable","18":"product-type-simple"},"_links":{"self":[{"href":"https:\/\/abinox-chr-clim.com\/index.php\/wp-json\/wp\/v2\/product\/70762","targetHints":{"allow":["GET"]}}],"collection":[{"href":"https:\/\/abinox-chr-clim.com\/index.php\/wp-json\/wp\/v2\/product"}],"about":[{"href":"https:\/\/abinox-chr-clim.com\/index.php\/wp-json\/wp\/v2\/types\/product"}],"replies":[{"embeddable":true,"href":"https:\/\/abinox-chr-clim.com\/index.php\/wp-json\/wp\/v2\/comments?post=70762"}],"wp:featuredmedia":[{"embeddable":true,"href":"https:\/\/abinox-chr-clim.com\/index.php\/wp-json\/wp\/v2\/media\/100930"}],"wp:attachment":[{"href":"https:\/\/abinox-chr-clim.com\/index.php\/wp-json\/wp\/v2\/media?parent=70762"}],"wp:term":[{"taxonomy":"product_brand","embeddable":true,"href":"https:\/\/abinox-chr-clim.com\/index.php\/wp-json\/wp\/v2\/product_brand?post=70762"},{"taxonomy":"product_cat","embeddable":true,"href":"https:\/\/abinox-chr-clim.com\/index.php\/wp-json\/wp\/v2\/product_cat?post=70762"},{"taxonomy":"product_tag","embeddable":true,"href":"https:\/\/abinox-chr-clim.com\/index.php\/wp-json\/wp\/v2\/product_tag?post=70762"}],"curies":[{"name":"wp","href":"https:\/\/api.w.org\/{rel}","templated":true}]}}