{"id":70756,"date":"2024-03-22T19:37:13","date_gmt":"2024-03-22T18:37:13","guid":{"rendered":"https:\/\/abinox-chr-clim.com\/index.php\/product\/presentoir-salon-de-the-pour-3-assiettes-maxi-270mm\/"},"modified":"2026-04-11T09:32:11","modified_gmt":"2026-04-11T07:32:11","slug":"presentoir-salon-de-the-pour-3-assiettes-maxi-270mm","status":"publish","type":"product","link":"https:\/\/abinox-chr-clim.com\/index.php\/product\/presentoir-salon-de-the-pour-3-assiettes-maxi-270mm\/","title":{"rendered":"Pr\u00e9sentoir salon de th\u00e9 pour 3 assiettes maxi 270mm"},"content":{"rendered":"<p>Structure en tube m\u00e9tallique pour la pr\u00e9sentation de trois assiettes maxi 210mm(\u00d8) ou 270mm(\u00d8). Assiettes non incluses.<br \/>Le support \u00e0 3 niveaux vous permet de servir plusieurs couches d&rsquo;aliments s\u00e9par\u00e9s. La finition chrom\u00e9e ajoute une touche de qualit\u00e9 et sophistiqu\u00e9e aux services \u00e0 th\u00e9. Les pieds antid\u00e9rapants permettent d&rsquo;am\u00e9liorer la stabilit\u00e9 et d&rsquo;\u00e9viter les chutes. La conception robuste est id\u00e9ale pour servir plusieurs assiettes pleines sans les casser. Le haut du cadre peut \u00eatre utilis\u00e9 comme poign\u00e9e pour faciliter le transport vers et depuis les tables. Peut contenir des assiettes jusqu&rsquo;\u00e0 27cm.  Le support \u00e0 3 niveaux vous permet de servir plusieurs couches d&rsquo;aliments s\u00e9par\u00e9s.<\/p>\n<p>Caract\u00e9ristiques :<br \/> Dimensions : 490(H) x 295(L) x 290(P) mm.<br \/> Mati\u00e8re : Chrome.<br \/> Couleur : Argent.<\/p>\n","protected":false},"excerpt":{"rendered":"<p>Pr\u00e9sentoir salon de th\u00e9 pour 3 assiettes maxi 270mm<\/p>\n","protected":false},"featured_media":84533,"comment_status":"closed","ping_status":"closed","template":"","meta":[],"product_brand":[],"product_cat":[1115,1114,1297,1106],"product_tag":[],"class_list":{"0":"post-70756","1":"product","2":"type-product","3":"status-publish","4":"has-post-thumbnail","6":"product_cat-accessoires-buffet","7":"product_cat-buffet","8":"product_cat-non-palettisable","9":"product_cat-restaurant-bar-et-hotel","10":"product_shipping_class-free-shipping","12":"first","13":"instock","14":"featured","15":"taxable","16":"shipping-taxable","17":"purchasable","18":"product-type-simple"},"_links":{"self":[{"href":"https:\/\/abinox-chr-clim.com\/index.php\/wp-json\/wp\/v2\/product\/70756","targetHints":{"allow":["GET"]}}],"collection":[{"href":"https:\/\/abinox-chr-clim.com\/index.php\/wp-json\/wp\/v2\/product"}],"about":[{"href":"https:\/\/abinox-chr-clim.com\/index.php\/wp-json\/wp\/v2\/types\/product"}],"replies":[{"embeddable":true,"href":"https:\/\/abinox-chr-clim.com\/index.php\/wp-json\/wp\/v2\/comments?post=70756"}],"wp:featuredmedia":[{"embeddable":true,"href":"https:\/\/abinox-chr-clim.com\/index.php\/wp-json\/wp\/v2\/media\/84533"}],"wp:attachment":[{"href":"https:\/\/abinox-chr-clim.com\/index.php\/wp-json\/wp\/v2\/media?parent=70756"}],"wp:term":[{"taxonomy":"product_brand","embeddable":true,"href":"https:\/\/abinox-chr-clim.com\/index.php\/wp-json\/wp\/v2\/product_brand?post=70756"},{"taxonomy":"product_cat","embeddable":true,"href":"https:\/\/abinox-chr-clim.com\/index.php\/wp-json\/wp\/v2\/product_cat?post=70756"},{"taxonomy":"product_tag","embeddable":true,"href":"https:\/\/abinox-chr-clim.com\/index.php\/wp-json\/wp\/v2\/product_tag?post=70756"}],"curies":[{"name":"wp","href":"https:\/\/api.w.org\/{rel}","templated":true}]}}