{"id":70753,"date":"2024-03-22T19:37:11","date_gmt":"2024-03-22T18:37:11","guid":{"rendered":"https:\/\/abinox-chr-clim.com\/index.php\/product\/presentoir-a-sandwichs-en-acacia-olympia\/"},"modified":"2026-04-11T09:27:57","modified_gmt":"2026-04-11T07:27:57","slug":"presentoir-a-sandwichs-en-acacia-olympia","status":"publish","type":"product","link":"https:\/\/abinox-chr-clim.com\/index.php\/product\/presentoir-a-sandwichs-en-acacia-olympia\/","title":{"rendered":"Pr\u00e9sentoir \u00e0 sandwichs en acacia Olympia"},"content":{"rendered":"<p>Pr\u00e9sentoir \u00e0 sandwichs attrayant en bois d&rsquo;acacia, r\u00e9versible pour \u00eatre utilis\u00e9 sous forme de support ou pr\u00e9sentoir buffet.<br \/>Evite que le contenu ne se renverse sur la table. Contient jusqu&rsquo;\u00e0 4 sandwichs. R\u00e9versible pour \u00eatre utilis\u00e9 sous forme de support ou pr\u00e9sentoir buffet. Nettoyer avec un chiffon humide.  Evite que le contenu ne se renverse sur la table.<\/p>\n<p>Caract\u00e9ristiques :<br \/> Dimensions : 55(H) x 279(L) x 150(P)mm.<br \/> Mati\u00e8re : Acacia.<br \/> Couleur : Bois d&rsquo;acacia.<\/p>\n","protected":false},"excerpt":{"rendered":"<p>Pr\u00e9sentoir \u00e0 sandwichs en acacia Olympia<\/p>\n","protected":false},"featured_media":84327,"comment_status":"closed","ping_status":"closed","template":"","meta":[],"product_brand":[],"product_cat":[1115,1114,1297,1106],"product_tag":[],"class_list":{"0":"post-70753","1":"product","2":"type-product","3":"status-publish","4":"has-post-thumbnail","6":"product_cat-accessoires-buffet","7":"product_cat-buffet","8":"product_cat-non-palettisable","9":"product_cat-restaurant-bar-et-hotel","10":"product_shipping_class-free-shipping","12":"first","13":"instock","14":"featured","15":"taxable","16":"shipping-taxable","17":"purchasable","18":"product-type-simple"},"_links":{"self":[{"href":"https:\/\/abinox-chr-clim.com\/index.php\/wp-json\/wp\/v2\/product\/70753","targetHints":{"allow":["GET"]}}],"collection":[{"href":"https:\/\/abinox-chr-clim.com\/index.php\/wp-json\/wp\/v2\/product"}],"about":[{"href":"https:\/\/abinox-chr-clim.com\/index.php\/wp-json\/wp\/v2\/types\/product"}],"replies":[{"embeddable":true,"href":"https:\/\/abinox-chr-clim.com\/index.php\/wp-json\/wp\/v2\/comments?post=70753"}],"wp:featuredmedia":[{"embeddable":true,"href":"https:\/\/abinox-chr-clim.com\/index.php\/wp-json\/wp\/v2\/media\/84327"}],"wp:attachment":[{"href":"https:\/\/abinox-chr-clim.com\/index.php\/wp-json\/wp\/v2\/media?parent=70753"}],"wp:term":[{"taxonomy":"product_brand","embeddable":true,"href":"https:\/\/abinox-chr-clim.com\/index.php\/wp-json\/wp\/v2\/product_brand?post=70753"},{"taxonomy":"product_cat","embeddable":true,"href":"https:\/\/abinox-chr-clim.com\/index.php\/wp-json\/wp\/v2\/product_cat?post=70753"},{"taxonomy":"product_tag","embeddable":true,"href":"https:\/\/abinox-chr-clim.com\/index.php\/wp-json\/wp\/v2\/product_tag?post=70753"}],"curies":[{"name":"wp","href":"https:\/\/api.w.org\/{rel}","templated":true}]}}