{"id":70750,"date":"2024-03-22T19:37:10","date_gmt":"2024-03-22T18:37:10","guid":{"rendered":"https:\/\/abinox-chr-clim.com\/index.php\/product\/support-cornets-de-glaces-aps\/"},"modified":"2026-04-13T06:14:13","modified_gmt":"2026-04-13T04:14:13","slug":"support-cornets-de-glaces-aps","status":"publish","type":"product","link":"https:\/\/abinox-chr-clim.com\/index.php\/product\/support-cornets-de-glaces-aps\/","title":{"rendered":"Support cornets de glaces APS"},"content":{"rendered":"<p>Support en acier inoxydable pour quatre c\u00f4nes maximum. Avec 2 trous de 26 mm (\u00d8) et 2 trous de 31 mm (\u00d8).<br \/>Peut contenir jusqu&rsquo;\u00e0 4 c\u00f4nes et plusieurs c\u00f4nes (vides) empil\u00e9s. Deux trous mesurent 31 (\u00d8) mm pour les grands c\u00f4nes. Deux trous mesurent 26 (\u00d8) mm pour les c\u00f4nes moyens. La construction en acier inoxydable offre une excellente r\u00e9sistance aux chocs et \u00e0 la corrosion. Facile \u00e0 nettoyer r\u00e9guli\u00e8rement pour une hygi\u00e8ne irr\u00e9prochable. La grande base permet d&rsquo;am\u00e9liorer la stabilit\u00e9 et de r\u00e9duire les pertes. 2x \u00d8 31mm, et 2x \u00d8 26mm.Peut contenir jusqu&rsquo;\u00e0 4 c\u00f4nes et plusieurs c\u00f4nes (vides) empil\u00e9s.<\/p>\n<p>Caract\u00e9ristiques :<br \/> Dimensions : 90(H) x 270(L) x 95(P) mm.<br \/> Mati\u00e8re : Inox.<br \/> Couleur : Acier inoxydable.<\/p>\n","protected":false},"excerpt":{"rendered":"<p>Support cornets de glaces APS<\/p>\n","protected":false},"featured_media":82713,"comment_status":"closed","ping_status":"closed","template":"","meta":[],"product_brand":[],"product_cat":[1115,1114,1297,1106],"product_tag":[],"class_list":{"0":"post-70750","1":"product","2":"type-product","3":"status-publish","4":"has-post-thumbnail","6":"product_cat-accessoires-buffet","7":"product_cat-buffet","8":"product_cat-non-palettisable","9":"product_cat-restaurant-bar-et-hotel","10":"product_shipping_class-free-shipping","12":"first","13":"instock","14":"featured","15":"taxable","16":"shipping-taxable","17":"purchasable","18":"product-type-simple"},"_links":{"self":[{"href":"https:\/\/abinox-chr-clim.com\/index.php\/wp-json\/wp\/v2\/product\/70750","targetHints":{"allow":["GET"]}}],"collection":[{"href":"https:\/\/abinox-chr-clim.com\/index.php\/wp-json\/wp\/v2\/product"}],"about":[{"href":"https:\/\/abinox-chr-clim.com\/index.php\/wp-json\/wp\/v2\/types\/product"}],"replies":[{"embeddable":true,"href":"https:\/\/abinox-chr-clim.com\/index.php\/wp-json\/wp\/v2\/comments?post=70750"}],"wp:featuredmedia":[{"embeddable":true,"href":"https:\/\/abinox-chr-clim.com\/index.php\/wp-json\/wp\/v2\/media\/82713"}],"wp:attachment":[{"href":"https:\/\/abinox-chr-clim.com\/index.php\/wp-json\/wp\/v2\/media?parent=70750"}],"wp:term":[{"taxonomy":"product_brand","embeddable":true,"href":"https:\/\/abinox-chr-clim.com\/index.php\/wp-json\/wp\/v2\/product_brand?post=70750"},{"taxonomy":"product_cat","embeddable":true,"href":"https:\/\/abinox-chr-clim.com\/index.php\/wp-json\/wp\/v2\/product_cat?post=70750"},{"taxonomy":"product_tag","embeddable":true,"href":"https:\/\/abinox-chr-clim.com\/index.php\/wp-json\/wp\/v2\/product_tag?post=70750"}],"curies":[{"name":"wp","href":"https:\/\/api.w.org\/{rel}","templated":true}]}}