{"id":70748,"date":"2024-03-22T19:37:10","date_gmt":"2024-03-22T18:37:10","guid":{"rendered":"https:\/\/abinox-chr-clim.com\/index.php\/product\/plateau-refrigere-a-2-etages-couvercle-rabattable-aps\/"},"modified":"2026-04-11T08:26:57","modified_gmt":"2026-04-11T06:26:57","slug":"plateau-refrigere-a-2-etages-couvercle-rabattable-aps","status":"publish","type":"product","link":"https:\/\/abinox-chr-clim.com\/index.php\/product\/plateau-refrigere-a-2-etages-couvercle-rabattable-aps\/","title":{"rendered":"Plateau r\u00e9frig\u00e9r\u00e9 \u00e0 2 \u00e9tages couvercle rabattable APS"},"content":{"rendered":"<p>Montrez vos sandwichs et collations tout en les gardant au frais et prot\u00e9g\u00e9s. Les plateaux en acier inoxydable 18\/10 sont faciles \u00e0 nettoyer et restent hygi\u00e9niques. Deux \u00e9l\u00e9ments de refroidissement sous chaque plateau pour garder le contenu plus frais lorsqu&rsquo;il est pr\u00e9sent\u00e9. Les couvercles en plastique transparent offrent une protection pour les aliments tout en maintenant une visibilit\u00e9 \u00e0 360 \u00b0. Couvercles rabattable avec poign\u00e9e centrale pour une manipulation facile et un acc\u00e8s instantan\u00e9 aux aliments. Mod\u00e8le avec un seul plateau pour les plus petites pr\u00e9sentation &#8211; Code CB793.  Montrez vos sandwichs et collations tout en les gardant au frais et prot\u00e9g\u00e9s.<\/p>\n<p>Caract\u00e9ristiques :<br \/> Dimensions : 440(H)x 440(L)x 320(P)mm.<br \/> Mati\u00e8re : Acier inoxydable<\/p>\n","protected":false},"excerpt":{"rendered":"<p>Plateau r\u00e9frig\u00e9r\u00e9 \u00e0 2 \u00e9tages couvercle rabattable APS<\/p>\n","protected":false},"featured_media":80489,"comment_status":"closed","ping_status":"closed","template":"","meta":[],"product_brand":[],"product_cat":[1115,1114,1297,1106],"product_tag":[],"class_list":{"0":"post-70748","1":"product","2":"type-product","3":"status-publish","4":"has-post-thumbnail","6":"product_cat-accessoires-buffet","7":"product_cat-buffet","8":"product_cat-non-palettisable","9":"product_cat-restaurant-bar-et-hotel","10":"product_shipping_class-free-shipping","12":"first","13":"instock","14":"featured","15":"taxable","16":"shipping-taxable","17":"purchasable","18":"product-type-simple"},"_links":{"self":[{"href":"https:\/\/abinox-chr-clim.com\/index.php\/wp-json\/wp\/v2\/product\/70748","targetHints":{"allow":["GET"]}}],"collection":[{"href":"https:\/\/abinox-chr-clim.com\/index.php\/wp-json\/wp\/v2\/product"}],"about":[{"href":"https:\/\/abinox-chr-clim.com\/index.php\/wp-json\/wp\/v2\/types\/product"}],"replies":[{"embeddable":true,"href":"https:\/\/abinox-chr-clim.com\/index.php\/wp-json\/wp\/v2\/comments?post=70748"}],"wp:featuredmedia":[{"embeddable":true,"href":"https:\/\/abinox-chr-clim.com\/index.php\/wp-json\/wp\/v2\/media\/80489"}],"wp:attachment":[{"href":"https:\/\/abinox-chr-clim.com\/index.php\/wp-json\/wp\/v2\/media?parent=70748"}],"wp:term":[{"taxonomy":"product_brand","embeddable":true,"href":"https:\/\/abinox-chr-clim.com\/index.php\/wp-json\/wp\/v2\/product_brand?post=70748"},{"taxonomy":"product_cat","embeddable":true,"href":"https:\/\/abinox-chr-clim.com\/index.php\/wp-json\/wp\/v2\/product_cat?post=70748"},{"taxonomy":"product_tag","embeddable":true,"href":"https:\/\/abinox-chr-clim.com\/index.php\/wp-json\/wp\/v2\/product_tag?post=70748"}],"curies":[{"name":"wp","href":"https:\/\/api.w.org\/{rel}","templated":true}]}}