{"id":70747,"date":"2024-03-22T19:37:09","date_gmt":"2024-03-22T18:37:09","guid":{"rendered":"https:\/\/abinox-chr-clim.com\/index.php\/product\/plateau-refrigere-couvercle-rabattable-aps\/"},"modified":"2026-04-11T08:26:57","modified_gmt":"2026-04-11T06:26:57","slug":"plateau-refrigere-couvercle-rabattable-aps","status":"publish","type":"product","link":"https:\/\/abinox-chr-clim.com\/index.php\/product\/plateau-refrigere-couvercle-rabattable-aps\/","title":{"rendered":"Plateau r\u00e9frig\u00e9r\u00e9 couvercle rabattable APS"},"content":{"rendered":"<p>Plateau en acier inoxydable 18\/10 avec couvercle rabattable et \u00e9l\u00e9ments de refroidissement dans sa base pour une fra\u00eecheur de longue dur\u00e9e. Dimensions : 205(H) x 440(L) x 320(P)mm.<br \/>Plateau en acier inoxydable 18\/10 avec couvercle rabattable. 2 \u00e9l\u00e9ments de refroidissement dans la base. Plateau en acier inoxydable 18\/10 avec couvercle rabattable.<\/p>\n<p>Caract\u00e9ristiques :<br \/> Dimensions : 205(H)x 440(L)x 320(P)mm.<br \/> Mati\u00e8re : Acier inoxydable.<br \/> Couleur : Gris et argent.<\/p>\n","protected":false},"excerpt":{"rendered":"<p>Plateau r\u00e9frig\u00e9r\u00e9 couvercle rabattable APS<\/p>\n","protected":false},"featured_media":80482,"comment_status":"closed","ping_status":"closed","template":"","meta":[],"product_brand":[],"product_cat":[1115,1114,1297,1106],"product_tag":[],"class_list":{"0":"post-70747","1":"product","2":"type-product","3":"status-publish","4":"has-post-thumbnail","6":"product_cat-accessoires-buffet","7":"product_cat-buffet","8":"product_cat-non-palettisable","9":"product_cat-restaurant-bar-et-hotel","10":"product_shipping_class-free-shipping","12":"first","13":"instock","14":"featured","15":"taxable","16":"shipping-taxable","17":"purchasable","18":"product-type-simple"},"_links":{"self":[{"href":"https:\/\/abinox-chr-clim.com\/index.php\/wp-json\/wp\/v2\/product\/70747","targetHints":{"allow":["GET"]}}],"collection":[{"href":"https:\/\/abinox-chr-clim.com\/index.php\/wp-json\/wp\/v2\/product"}],"about":[{"href":"https:\/\/abinox-chr-clim.com\/index.php\/wp-json\/wp\/v2\/types\/product"}],"replies":[{"embeddable":true,"href":"https:\/\/abinox-chr-clim.com\/index.php\/wp-json\/wp\/v2\/comments?post=70747"}],"wp:featuredmedia":[{"embeddable":true,"href":"https:\/\/abinox-chr-clim.com\/index.php\/wp-json\/wp\/v2\/media\/80482"}],"wp:attachment":[{"href":"https:\/\/abinox-chr-clim.com\/index.php\/wp-json\/wp\/v2\/media?parent=70747"}],"wp:term":[{"taxonomy":"product_brand","embeddable":true,"href":"https:\/\/abinox-chr-clim.com\/index.php\/wp-json\/wp\/v2\/product_brand?post=70747"},{"taxonomy":"product_cat","embeddable":true,"href":"https:\/\/abinox-chr-clim.com\/index.php\/wp-json\/wp\/v2\/product_cat?post=70747"},{"taxonomy":"product_tag","embeddable":true,"href":"https:\/\/abinox-chr-clim.com\/index.php\/wp-json\/wp\/v2\/product_tag?post=70747"}],"curies":[{"name":"wp","href":"https:\/\/api.w.org\/{rel}","templated":true}]}}