{"id":70745,"date":"2024-03-22T19:37:09","date_gmt":"2024-03-22T18:37:09","guid":{"rendered":"https:\/\/abinox-chr-clim.com\/index.php\/product\/porte-bouteille-mural-olympia-1-bouteille-15l-max\/"},"modified":"2026-04-11T09:10:35","modified_gmt":"2026-04-11T07:10:35","slug":"porte-bouteille-mural-olympia-1-bouteille-15l-max","status":"publish","type":"product","link":"https:\/\/abinox-chr-clim.com\/index.php\/product\/porte-bouteille-mural-olympia-1-bouteille-15l-max\/","title":{"rendered":"Porte-bouteille mural Olympia 1 bouteille 1,5L max"},"content":{"rendered":"<p>Se fixe facilement au mur. 2 tailles disponibles.<br \/>R\u00e9glable pour s&rsquo;adapter aux bouteilles de 700ml-1.5Ltr pour une gamme de spiritueux. Le design mural permet un placement personnalis\u00e9 derri\u00e8re votre bar. Le bo\u00eetier s\u00e9curis\u00e9 emp\u00eache les bouteilles de tomber. Con\u00e7u pour accueillir une seule bouteille et s&rsquo;adapter \u00e0 votre installation actuelle. .R\u00e9glable pour s&rsquo;adapter aux bouteilles de 700ml-1.5Ltr pour une gamme de spiritueux.<\/p>\n<p>Caract\u00e9ristiques :<br \/> Capacit\u00e9 : 1.5 litre.<br \/> Dimensions : 390(H) x 105(P) mm.<br \/> Mati\u00e8re : .<br \/> Couleur : Argent.<\/p>\n","protected":false},"excerpt":{"rendered":"<p>Porte-bouteille mural Olympia 1 bouteille 1,5L max<\/p>\n","protected":false},"featured_media":98039,"comment_status":"closed","ping_status":"closed","template":"","meta":[],"product_brand":[],"product_cat":[1107,1297,1106,1113],"product_tag":[],"class_list":{"0":"post-70745","1":"product","2":"type-product","3":"status-publish","4":"has-post-thumbnail","6":"product_cat-accessoires-de-bar","7":"product_cat-non-palettisable","8":"product_cat-restaurant-bar-et-hotel","9":"product_cat-supports-bouteilles","10":"product_shipping_class-free-shipping","12":"first","13":"instock","14":"featured","15":"taxable","16":"shipping-taxable","17":"purchasable","18":"product-type-simple"},"_links":{"self":[{"href":"https:\/\/abinox-chr-clim.com\/index.php\/wp-json\/wp\/v2\/product\/70745","targetHints":{"allow":["GET"]}}],"collection":[{"href":"https:\/\/abinox-chr-clim.com\/index.php\/wp-json\/wp\/v2\/product"}],"about":[{"href":"https:\/\/abinox-chr-clim.com\/index.php\/wp-json\/wp\/v2\/types\/product"}],"replies":[{"embeddable":true,"href":"https:\/\/abinox-chr-clim.com\/index.php\/wp-json\/wp\/v2\/comments?post=70745"}],"wp:featuredmedia":[{"embeddable":true,"href":"https:\/\/abinox-chr-clim.com\/index.php\/wp-json\/wp\/v2\/media\/98039"}],"wp:attachment":[{"href":"https:\/\/abinox-chr-clim.com\/index.php\/wp-json\/wp\/v2\/media?parent=70745"}],"wp:term":[{"taxonomy":"product_brand","embeddable":true,"href":"https:\/\/abinox-chr-clim.com\/index.php\/wp-json\/wp\/v2\/product_brand?post=70745"},{"taxonomy":"product_cat","embeddable":true,"href":"https:\/\/abinox-chr-clim.com\/index.php\/wp-json\/wp\/v2\/product_cat?post=70745"},{"taxonomy":"product_tag","embeddable":true,"href":"https:\/\/abinox-chr-clim.com\/index.php\/wp-json\/wp\/v2\/product_tag?post=70745"}],"curies":[{"name":"wp","href":"https:\/\/api.w.org\/{rel}","templated":true}]}}