{"id":70742,"date":"2024-03-22T19:37:06","date_gmt":"2024-03-22T18:37:06","guid":{"rendered":"https:\/\/abinox-chr-clim.com\/index.php\/product\/porte-bouteille-mural-olympia-1-bouteille-jusqu-a-1l\/"},"modified":"2026-04-11T08:59:17","modified_gmt":"2026-04-11T06:59:17","slug":"porte-bouteille-mural-olympia-1-bouteille-jusqu-a-1l","status":"publish","type":"product","link":"https:\/\/abinox-chr-clim.com\/index.php\/product\/porte-bouteille-mural-olympia-1-bouteille-jusqu-a-1l\/","title":{"rendered":"Porte bouteille mural Olympia 1 bouteille jusqu \u00e0 1L"},"content":{"rendered":"<p>Se fixe facilement au mur. 2 tailles disponibles.<br \/>Maintient les bouteilles en toute s\u00e9curit\u00e9 \u00e0 l&rsquo;arri\u00e8re de votre bar. M\u00e9canisme de d\u00e9gagement rapide pour changer les bouteilles rapidement et facilement. \u00c9vite le gaspillage lorsqu&rsquo;il est utilis\u00e9 avec un doseur optique d&rsquo;alcool (vendue s\u00e9par\u00e9ment).Peut \u00eatre utilis\u00e9 avec des cellules optiques \u00e0 spiritueux de 25, 35 et 50 ml pour une distribution pr\u00e9cise. Conception murale pour garder vos bouteilles en s\u00e9curit\u00e9. Accepte les bouteilles de spiritueux entre 700 ml et 1 litre. Hauteur r\u00e9glable jusqu&rsquo;\u00e0 100 mm.Maintient les bouteilles en toute s\u00e9curit\u00e9 \u00e0 l&rsquo;arri\u00e8re de votre bar.<\/p>\n<p>Caract\u00e9ristiques :<br \/> Dimensions : 310(H) x 105(P) mm.<br \/> Mati\u00e8re : .<br \/> Couleur : Argent.<\/p>\n","protected":false},"excerpt":{"rendered":"<p>Porte bouteille mural Olympia 1 bouteille jusqu \u00e0 1L<\/p>\n","protected":false},"featured_media":103459,"comment_status":"closed","ping_status":"closed","template":"","meta":[],"product_brand":[],"product_cat":[1107,1297,1106,1113],"product_tag":[],"class_list":{"0":"post-70742","1":"product","2":"type-product","3":"status-publish","4":"has-post-thumbnail","6":"product_cat-accessoires-de-bar","7":"product_cat-non-palettisable","8":"product_cat-restaurant-bar-et-hotel","9":"product_cat-supports-bouteilles","10":"product_shipping_class-free-shipping","12":"first","13":"instock","14":"featured","15":"taxable","16":"shipping-taxable","17":"purchasable","18":"product-type-simple"},"_links":{"self":[{"href":"https:\/\/abinox-chr-clim.com\/index.php\/wp-json\/wp\/v2\/product\/70742","targetHints":{"allow":["GET"]}}],"collection":[{"href":"https:\/\/abinox-chr-clim.com\/index.php\/wp-json\/wp\/v2\/product"}],"about":[{"href":"https:\/\/abinox-chr-clim.com\/index.php\/wp-json\/wp\/v2\/types\/product"}],"replies":[{"embeddable":true,"href":"https:\/\/abinox-chr-clim.com\/index.php\/wp-json\/wp\/v2\/comments?post=70742"}],"wp:featuredmedia":[{"embeddable":true,"href":"https:\/\/abinox-chr-clim.com\/index.php\/wp-json\/wp\/v2\/media\/103459"}],"wp:attachment":[{"href":"https:\/\/abinox-chr-clim.com\/index.php\/wp-json\/wp\/v2\/media?parent=70742"}],"wp:term":[{"taxonomy":"product_brand","embeddable":true,"href":"https:\/\/abinox-chr-clim.com\/index.php\/wp-json\/wp\/v2\/product_brand?post=70742"},{"taxonomy":"product_cat","embeddable":true,"href":"https:\/\/abinox-chr-clim.com\/index.php\/wp-json\/wp\/v2\/product_cat?post=70742"},{"taxonomy":"product_tag","embeddable":true,"href":"https:\/\/abinox-chr-clim.com\/index.php\/wp-json\/wp\/v2\/product_tag?post=70742"}],"curies":[{"name":"wp","href":"https:\/\/api.w.org\/{rel}","templated":true}]}}