{"id":70739,"date":"2024-03-22T19:37:05","date_gmt":"2024-03-22T18:37:05","guid":{"rendered":"https:\/\/abinox-chr-clim.com\/index.php\/product\/rafraichisseur-double-paroi-cuivre-olympia\/"},"modified":"2026-04-11T09:55:05","modified_gmt":"2026-04-11T07:55:05","slug":"rafraichisseur-double-paroi-cuivre-olympia","status":"publish","type":"product","link":"https:\/\/abinox-chr-clim.com\/index.php\/product\/rafraichisseur-double-paroi-cuivre-olympia\/","title":{"rendered":"Rafra\u00eechisseur double paroi cuivre Olympia"},"content":{"rendered":"<p>Rafra\u00eechisseur \u00e9l\u00e9gant double paroi avec une finition cuivre r\u00e9tro.<br \/>Plaqu\u00e9 cuivre. Double paroi. Garde le vin frais plus longtemps. Finition ultra brillante. Egalement disponible en gris titane (DR743).  Plaqu\u00e9 cuivre.<\/p>\n<p>Caract\u00e9ristiques :<br \/> Capacit\u00e9 : 1 L.<br \/> Dimensions : 195(H) x 120(\u00d8) mm.<br \/> Mati\u00e8re : Inox.<br \/> Couleur : Cuivre.<\/p>\n","protected":false},"excerpt":{"rendered":"<p>Rafra\u00eechisseur double paroi cuivre Olympia<\/p>\n","protected":false},"featured_media":91238,"comment_status":"closed","ping_status":"closed","template":"","meta":[],"product_brand":[],"product_cat":[1107,1297,1106,1113],"product_tag":[],"class_list":{"0":"post-70739","1":"product","2":"type-product","3":"status-publish","4":"has-post-thumbnail","6":"product_cat-accessoires-de-bar","7":"product_cat-non-palettisable","8":"product_cat-restaurant-bar-et-hotel","9":"product_cat-supports-bouteilles","10":"product_shipping_class-free-shipping","12":"first","13":"instock","14":"featured","15":"taxable","16":"shipping-taxable","17":"purchasable","18":"product-type-simple"},"_links":{"self":[{"href":"https:\/\/abinox-chr-clim.com\/index.php\/wp-json\/wp\/v2\/product\/70739","targetHints":{"allow":["GET"]}}],"collection":[{"href":"https:\/\/abinox-chr-clim.com\/index.php\/wp-json\/wp\/v2\/product"}],"about":[{"href":"https:\/\/abinox-chr-clim.com\/index.php\/wp-json\/wp\/v2\/types\/product"}],"replies":[{"embeddable":true,"href":"https:\/\/abinox-chr-clim.com\/index.php\/wp-json\/wp\/v2\/comments?post=70739"}],"wp:featuredmedia":[{"embeddable":true,"href":"https:\/\/abinox-chr-clim.com\/index.php\/wp-json\/wp\/v2\/media\/91238"}],"wp:attachment":[{"href":"https:\/\/abinox-chr-clim.com\/index.php\/wp-json\/wp\/v2\/media?parent=70739"}],"wp:term":[{"taxonomy":"product_brand","embeddable":true,"href":"https:\/\/abinox-chr-clim.com\/index.php\/wp-json\/wp\/v2\/product_brand?post=70739"},{"taxonomy":"product_cat","embeddable":true,"href":"https:\/\/abinox-chr-clim.com\/index.php\/wp-json\/wp\/v2\/product_cat?post=70739"},{"taxonomy":"product_tag","embeddable":true,"href":"https:\/\/abinox-chr-clim.com\/index.php\/wp-json\/wp\/v2\/product_tag?post=70739"}],"curies":[{"name":"wp","href":"https:\/\/api.w.org\/{rel}","templated":true}]}}