{"id":70734,"date":"2024-03-22T19:37:04","date_gmt":"2024-03-22T18:37:04","guid":{"rendered":"https:\/\/abinox-chr-clim.com\/index.php\/product\/cuillere-a-melange-torsadee-olympia\/"},"modified":"2026-04-11T08:59:15","modified_gmt":"2026-04-11T06:59:15","slug":"cuillere-a-melange-torsadee-olympia","status":"publish","type":"product","link":"https:\/\/abinox-chr-clim.com\/index.php\/product\/cuillere-a-melange-torsadee-olympia\/","title":{"rendered":"Cuill\u00e8re \u00e0 m\u00e9lange torsad\u00e9e Olympia"},"content":{"rendered":"<p>Cuill\u00e8re en acier inoxydable pour m\u00e9langer les cocktails. Disque pour \u00e9craser le sucre \u00e0 l&rsquo;extr\u00e9mit\u00e9 sup\u00e9rieure 30(\u00d8)mm.<br \/>Longue poign\u00e9e pour superposer et m\u00e9langer les boissons, quelle que soit la taille du verre. Acier inoxydable pour la durabilit\u00e9. Design \u00e9l\u00e9gant pour s&rsquo;int\u00e9grer \u00e0 l&rsquo;\u00e9quipement de votre bar. Cuill\u00e8re \u00e0 mesurer de 5 ml, parfaite pour les shots. Disque broyeur de sucre int\u00e9gr\u00e9 pour m\u00e9langer les garnitures. Manche torsad\u00e9 pour bien r\u00e9partir l&rsquo;alcool.  Longue poign\u00e9e pour superposer et m\u00e9langer les boissons, quelle que soit la taille du verre.<\/p>\n<p>Caract\u00e9ristiques :<br \/> Dimensions : 270(H) x 28(\u00d8) mm.<br \/> Mati\u00e8re : Inox.<br \/> Couleur : Argent.<\/p>\n","protected":false},"excerpt":{"rendered":"<p>Cuill\u00e8re \u00e0 m\u00e9lange torsad\u00e9e Olympia<\/p>\n","protected":false},"featured_media":104499,"comment_status":"closed","ping_status":"closed","template":"","meta":[],"product_brand":[],"product_cat":[1107,1297,1106,1112],"product_tag":[],"class_list":{"0":"post-70734","1":"product","2":"type-product","3":"status-publish","4":"has-post-thumbnail","6":"product_cat-accessoires-de-bar","7":"product_cat-non-palettisable","8":"product_cat-restaurant-bar-et-hotel","9":"product_cat-shakers-a-cocktails-et-doseurs-dalcool","10":"product_shipping_class-free-shipping","12":"first","13":"instock","14":"featured","15":"taxable","16":"shipping-taxable","17":"purchasable","18":"product-type-simple"},"_links":{"self":[{"href":"https:\/\/abinox-chr-clim.com\/index.php\/wp-json\/wp\/v2\/product\/70734","targetHints":{"allow":["GET"]}}],"collection":[{"href":"https:\/\/abinox-chr-clim.com\/index.php\/wp-json\/wp\/v2\/product"}],"about":[{"href":"https:\/\/abinox-chr-clim.com\/index.php\/wp-json\/wp\/v2\/types\/product"}],"replies":[{"embeddable":true,"href":"https:\/\/abinox-chr-clim.com\/index.php\/wp-json\/wp\/v2\/comments?post=70734"}],"wp:featuredmedia":[{"embeddable":true,"href":"https:\/\/abinox-chr-clim.com\/index.php\/wp-json\/wp\/v2\/media\/104499"}],"wp:attachment":[{"href":"https:\/\/abinox-chr-clim.com\/index.php\/wp-json\/wp\/v2\/media?parent=70734"}],"wp:term":[{"taxonomy":"product_brand","embeddable":true,"href":"https:\/\/abinox-chr-clim.com\/index.php\/wp-json\/wp\/v2\/product_brand?post=70734"},{"taxonomy":"product_cat","embeddable":true,"href":"https:\/\/abinox-chr-clim.com\/index.php\/wp-json\/wp\/v2\/product_cat?post=70734"},{"taxonomy":"product_tag","embeddable":true,"href":"https:\/\/abinox-chr-clim.com\/index.php\/wp-json\/wp\/v2\/product_tag?post=70734"}],"curies":[{"name":"wp","href":"https:\/\/api.w.org\/{rel}","templated":true}]}}