{"id":70733,"date":"2024-03-22T19:37:03","date_gmt":"2024-03-22T18:37:03","guid":{"rendered":"https:\/\/abinox-chr-clim.com\/index.php\/product\/shaker-a-cocktail-en-cuivre-beaumont\/"},"modified":"2025-07-24T20:04:36","modified_gmt":"2025-07-24T18:04:36","slug":"shaker-a-cocktail-en-cuivre-beaumont","status":"publish","type":"product","link":"https:\/\/abinox-chr-clim.com\/index.php\/product\/shaker-a-cocktail-en-cuivre-beaumont\/","title":{"rendered":"Shaker \u00e0 cocktail en cuivre Beaumont"},"content":{"rendered":"<p>Un shaker \u00e0 cocktail en cuivre de style classique compos\u00e9 de deux parties.<br \/>Compl\u00e9ment pour les bars modernes et traditionnels. Brillance \u00e9clatante. 2 pi\u00e8ces. Lavage \u00e0 la main uniquement.R\u00e9f\u00e9rence fournisseur : 3328. Compl\u00e9ment pour les bars modernes et traditionnels.<\/p>\n<p>Caract\u00e9ristiques :<br \/> Capacit\u00e9 : 600ml.<br \/> Dimensions : 220(H) x 91(\u00d8) mm.<br \/> Mati\u00e8re : Cuivre.<br \/> Couleur : Cuivre.<\/p>\n","protected":false},"excerpt":{"rendered":"<p>Shaker \u00e0 cocktail en cuivre Beaumont<\/p>\n","protected":false},"featured_media":101981,"comment_status":"closed","ping_status":"closed","template":"","meta":[],"product_brand":[],"product_cat":[1107,1297,1106,1112],"product_tag":[],"class_list":{"0":"post-70733","1":"product","2":"type-product","3":"status-publish","4":"has-post-thumbnail","6":"product_cat-accessoires-de-bar","7":"product_cat-non-palettisable","8":"product_cat-restaurant-bar-et-hotel","9":"product_cat-shakers-a-cocktails-et-doseurs-dalcool","10":"product_shipping_class-free-shipping","12":"first","13":"outofstock","14":"featured","15":"taxable","16":"shipping-taxable","17":"purchasable","18":"product-type-simple"},"_links":{"self":[{"href":"https:\/\/abinox-chr-clim.com\/index.php\/wp-json\/wp\/v2\/product\/70733","targetHints":{"allow":["GET"]}}],"collection":[{"href":"https:\/\/abinox-chr-clim.com\/index.php\/wp-json\/wp\/v2\/product"}],"about":[{"href":"https:\/\/abinox-chr-clim.com\/index.php\/wp-json\/wp\/v2\/types\/product"}],"replies":[{"embeddable":true,"href":"https:\/\/abinox-chr-clim.com\/index.php\/wp-json\/wp\/v2\/comments?post=70733"}],"wp:featuredmedia":[{"embeddable":true,"href":"https:\/\/abinox-chr-clim.com\/index.php\/wp-json\/wp\/v2\/media\/101981"}],"wp:attachment":[{"href":"https:\/\/abinox-chr-clim.com\/index.php\/wp-json\/wp\/v2\/media?parent=70733"}],"wp:term":[{"taxonomy":"product_brand","embeddable":true,"href":"https:\/\/abinox-chr-clim.com\/index.php\/wp-json\/wp\/v2\/product_brand?post=70733"},{"taxonomy":"product_cat","embeddable":true,"href":"https:\/\/abinox-chr-clim.com\/index.php\/wp-json\/wp\/v2\/product_cat?post=70733"},{"taxonomy":"product_tag","embeddable":true,"href":"https:\/\/abinox-chr-clim.com\/index.php\/wp-json\/wp\/v2\/product_tag?post=70733"}],"curies":[{"name":"wp","href":"https:\/\/api.w.org\/{rel}","templated":true}]}}