{"id":70730,"date":"2024-03-22T19:37:02","date_gmt":"2024-03-22T18:37:02","guid":{"rendered":"https:\/\/abinox-chr-clim.com\/index.php\/product\/kit-cocktail-bonzer\/"},"modified":"2026-04-11T08:53:49","modified_gmt":"2026-04-11T06:53:49","slug":"kit-cocktail-bonzer","status":"publish","type":"product","link":"https:\/\/abinox-chr-clim.com\/index.php\/product\/kit-cocktail-bonzer\/","title":{"rendered":"Kit cocktail Bonzer"},"content":{"rendered":"<p>Un kit contenant tous les ustensiles essentiels \u00e0 la r\u00e9alisation de d\u00e9licieux cocktails. Contient une mesure de bar de 25\/50ml, 3 becs verseurs, un pilon, un r\u00e9cipient \u00e0 m\u00e9lange et un shaker Boston, une cuill\u00e8re \u00e0 m\u00e9lange, une passoire avec pattes, une passoire Julep et une passoire fine de bar.<br \/>Le kit comprend :. 3 becs verseurs. R\u00e9cipient Boston. Mesure double \u00e0 alcool 25 \/ 50ml. Passoire Julep. Passoire Hawthorne. Passoire de bar fine. Pilon \u00e0 cocktail. Cuill\u00e8re \u00e0 cocktail. Le kit comprend :<\/p>\n","protected":false},"excerpt":{"rendered":"<p>Kit cocktail Bonzer<\/p>\n","protected":false},"featured_media":101803,"comment_status":"closed","ping_status":"closed","template":"","meta":[],"product_brand":[],"product_cat":[1107,1297,1106,1112],"product_tag":[],"class_list":{"0":"post-70730","1":"product","2":"type-product","3":"status-publish","4":"has-post-thumbnail","6":"product_cat-accessoires-de-bar","7":"product_cat-non-palettisable","8":"product_cat-restaurant-bar-et-hotel","9":"product_cat-shakers-a-cocktails-et-doseurs-dalcool","10":"product_shipping_class-free-shipping","12":"first","13":"instock","14":"featured","15":"taxable","16":"shipping-taxable","17":"purchasable","18":"product-type-simple"},"_links":{"self":[{"href":"https:\/\/abinox-chr-clim.com\/index.php\/wp-json\/wp\/v2\/product\/70730","targetHints":{"allow":["GET"]}}],"collection":[{"href":"https:\/\/abinox-chr-clim.com\/index.php\/wp-json\/wp\/v2\/product"}],"about":[{"href":"https:\/\/abinox-chr-clim.com\/index.php\/wp-json\/wp\/v2\/types\/product"}],"replies":[{"embeddable":true,"href":"https:\/\/abinox-chr-clim.com\/index.php\/wp-json\/wp\/v2\/comments?post=70730"}],"wp:featuredmedia":[{"embeddable":true,"href":"https:\/\/abinox-chr-clim.com\/index.php\/wp-json\/wp\/v2\/media\/101803"}],"wp:attachment":[{"href":"https:\/\/abinox-chr-clim.com\/index.php\/wp-json\/wp\/v2\/media?parent=70730"}],"wp:term":[{"taxonomy":"product_brand","embeddable":true,"href":"https:\/\/abinox-chr-clim.com\/index.php\/wp-json\/wp\/v2\/product_brand?post=70730"},{"taxonomy":"product_cat","embeddable":true,"href":"https:\/\/abinox-chr-clim.com\/index.php\/wp-json\/wp\/v2\/product_cat?post=70730"},{"taxonomy":"product_tag","embeddable":true,"href":"https:\/\/abinox-chr-clim.com\/index.php\/wp-json\/wp\/v2\/product_tag?post=70730"}],"curies":[{"name":"wp","href":"https:\/\/api.w.org\/{rel}","templated":true}]}}