{"id":70728,"date":"2024-03-22T19:37:02","date_gmt":"2024-03-22T18:37:02","guid":{"rendered":"https:\/\/abinox-chr-clim.com\/index.php\/product\/cuillere-a-melange-bonzer\/"},"modified":"2026-04-11T08:48:21","modified_gmt":"2026-04-11T06:48:21","slug":"cuillere-a-melange-bonzer","status":"publish","type":"product","link":"https:\/\/abinox-chr-clim.com\/index.php\/product\/cuillere-a-melange-bonzer\/","title":{"rendered":"Cuill\u00e8re \u00e0 m\u00e9lange Bonzer"},"content":{"rendered":"<p>Une cuill\u00e8re de bar multi-usages parfaitement \u00e9quilibr\u00e9e pouvant \u00eatre utilis\u00e9e pour r\u00e9aliser les \u00e9tages des cocktails et comme pilon. Mesure de 5 ml.<br \/>Pour \u00e9craser et m\u00e9langer. Parfaitement \u00e9quilibr\u00e9e. Cuilleron de 5ml pour une mesure pr\u00e9cise. Pour \u00e9craser et m\u00e9langer.<\/p>\n<p>Caract\u00e9ristiques :<br \/> Capacit\u00e9 : 5.<br \/> Dimensions : 250(H) x 25(\u00d8) mm.<br \/> Mati\u00e8re : Inox.<br \/> Couleur : Acier inoxydable.<\/p>\n","protected":false},"excerpt":{"rendered":"<p>Cuill\u00e8re \u00e0 m\u00e9lange Bonzer<\/p>\n","protected":false},"featured_media":101272,"comment_status":"closed","ping_status":"closed","template":"","meta":[],"product_brand":[],"product_cat":[1107,1297,1106,1112],"product_tag":[],"class_list":{"0":"post-70728","1":"product","2":"type-product","3":"status-publish","4":"has-post-thumbnail","6":"product_cat-accessoires-de-bar","7":"product_cat-non-palettisable","8":"product_cat-restaurant-bar-et-hotel","9":"product_cat-shakers-a-cocktails-et-doseurs-dalcool","10":"product_shipping_class-free-shipping","12":"first","13":"outofstock","14":"featured","15":"taxable","16":"shipping-taxable","17":"purchasable","18":"product-type-simple"},"_links":{"self":[{"href":"https:\/\/abinox-chr-clim.com\/index.php\/wp-json\/wp\/v2\/product\/70728","targetHints":{"allow":["GET"]}}],"collection":[{"href":"https:\/\/abinox-chr-clim.com\/index.php\/wp-json\/wp\/v2\/product"}],"about":[{"href":"https:\/\/abinox-chr-clim.com\/index.php\/wp-json\/wp\/v2\/types\/product"}],"replies":[{"embeddable":true,"href":"https:\/\/abinox-chr-clim.com\/index.php\/wp-json\/wp\/v2\/comments?post=70728"}],"wp:featuredmedia":[{"embeddable":true,"href":"https:\/\/abinox-chr-clim.com\/index.php\/wp-json\/wp\/v2\/media\/101272"}],"wp:attachment":[{"href":"https:\/\/abinox-chr-clim.com\/index.php\/wp-json\/wp\/v2\/media?parent=70728"}],"wp:term":[{"taxonomy":"product_brand","embeddable":true,"href":"https:\/\/abinox-chr-clim.com\/index.php\/wp-json\/wp\/v2\/product_brand?post=70728"},{"taxonomy":"product_cat","embeddable":true,"href":"https:\/\/abinox-chr-clim.com\/index.php\/wp-json\/wp\/v2\/product_cat?post=70728"},{"taxonomy":"product_tag","embeddable":true,"href":"https:\/\/abinox-chr-clim.com\/index.php\/wp-json\/wp\/v2\/product_tag?post=70728"}],"curies":[{"name":"wp","href":"https:\/\/api.w.org\/{rel}","templated":true}]}}