{"id":70726,"date":"2024-03-22T19:37:01","date_gmt":"2024-03-22T18:37:01","guid":{"rendered":"https:\/\/abinox-chr-clim.com\/index.php\/product\/passoire-a-cocktail-hawthorne-beaumont-4-branches\/"},"modified":"2026-04-11T08:46:13","modified_gmt":"2026-04-11T06:46:13","slug":"passoire-a-cocktail-hawthorne-beaumont-4-branches","status":"publish","type":"product","link":"https:\/\/abinox-chr-clim.com\/index.php\/product\/passoire-a-cocktail-hawthorne-beaumont-4-branches\/","title":{"rendered":"Passoire \u00e0 cocktail Hawthorne Beaumont 4 branches"},"content":{"rendered":"<p>Vendue \u00e0 l&rsquo;unit\u00e9. Vendue \u00e0 l&rsquo;unit\u00e9.<\/p>\n<p>Caract\u00e9ristiques :<br \/> Dimensions : 115(H) x 31(L) x 150(P) mm.<br \/> Mati\u00e8re : Inox.<br \/> Couleur : Argent.<\/p>\n","protected":false},"excerpt":{"rendered":"<p>Passoire \u00e0 cocktail Hawthorne Beaumont 4 branches<\/p>\n","protected":false},"featured_media":95215,"comment_status":"closed","ping_status":"closed","template":"","meta":[],"product_brand":[],"product_cat":[1107,1297,1106,1112],"product_tag":[],"class_list":{"0":"post-70726","1":"product","2":"type-product","3":"status-publish","4":"has-post-thumbnail","6":"product_cat-accessoires-de-bar","7":"product_cat-non-palettisable","8":"product_cat-restaurant-bar-et-hotel","9":"product_cat-shakers-a-cocktails-et-doseurs-dalcool","10":"product_shipping_class-free-shipping","12":"first","13":"instock","14":"featured","15":"taxable","16":"shipping-taxable","17":"purchasable","18":"product-type-simple"},"_links":{"self":[{"href":"https:\/\/abinox-chr-clim.com\/index.php\/wp-json\/wp\/v2\/product\/70726","targetHints":{"allow":["GET"]}}],"collection":[{"href":"https:\/\/abinox-chr-clim.com\/index.php\/wp-json\/wp\/v2\/product"}],"about":[{"href":"https:\/\/abinox-chr-clim.com\/index.php\/wp-json\/wp\/v2\/types\/product"}],"replies":[{"embeddable":true,"href":"https:\/\/abinox-chr-clim.com\/index.php\/wp-json\/wp\/v2\/comments?post=70726"}],"wp:featuredmedia":[{"embeddable":true,"href":"https:\/\/abinox-chr-clim.com\/index.php\/wp-json\/wp\/v2\/media\/95215"}],"wp:attachment":[{"href":"https:\/\/abinox-chr-clim.com\/index.php\/wp-json\/wp\/v2\/media?parent=70726"}],"wp:term":[{"taxonomy":"product_brand","embeddable":true,"href":"https:\/\/abinox-chr-clim.com\/index.php\/wp-json\/wp\/v2\/product_brand?post=70726"},{"taxonomy":"product_cat","embeddable":true,"href":"https:\/\/abinox-chr-clim.com\/index.php\/wp-json\/wp\/v2\/product_cat?post=70726"},{"taxonomy":"product_tag","embeddable":true,"href":"https:\/\/abinox-chr-clim.com\/index.php\/wp-json\/wp\/v2\/product_tag?post=70726"}],"curies":[{"name":"wp","href":"https:\/\/api.w.org\/{rel}","templated":true}]}}