{"id":70720,"date":"2024-03-22T19:36:59","date_gmt":"2024-03-22T18:36:59","guid":{"rendered":"https:\/\/abinox-chr-clim.com\/index.php\/product\/pilon-inox-bout-en-silicone-olympia-plaque-titane\/"},"modified":"2026-04-11T09:42:55","modified_gmt":"2026-04-11T07:42:55","slug":"pilon-inox-bout-en-silicone-olympia-plaque-titane","status":"publish","type":"product","link":"https:\/\/abinox-chr-clim.com\/index.php\/product\/pilon-inox-bout-en-silicone-olympia-plaque-titane\/","title":{"rendered":"Pilon inox bout en silicone Olympia plaqu\u00e9 titane"},"content":{"rendered":"<p>Egalement disponible en finition classique non color\u00e9e (DR592). Id\u00e9al pour piler les fruits, les herbes et autres ingr\u00e9dients. Bout en silicone pour un broyage optimal. Ergonomique pour faciliter la prise. Egalement disponible en finition classique non color\u00e9e (DR592).<\/p>\n<p>Caract\u00e9ristiques :<br \/> Dimensions : 212(H) x 34(\u00d8) mm.<br \/> Mati\u00e8re : Inox<\/p>\n","protected":false},"excerpt":{"rendered":"<p>Pilon inox bout en silicone Olympia plaqu\u00e9 titane<\/p>\n","protected":false},"featured_media":91275,"comment_status":"closed","ping_status":"closed","template":"","meta":[],"product_brand":[],"product_cat":[1107,1297,1106,1112],"product_tag":[],"class_list":{"0":"post-70720","1":"product","2":"type-product","3":"status-publish","4":"has-post-thumbnail","6":"product_cat-accessoires-de-bar","7":"product_cat-non-palettisable","8":"product_cat-restaurant-bar-et-hotel","9":"product_cat-shakers-a-cocktails-et-doseurs-dalcool","10":"product_shipping_class-free-shipping","12":"first","13":"instock","14":"featured","15":"taxable","16":"shipping-taxable","17":"purchasable","18":"product-type-simple"},"_links":{"self":[{"href":"https:\/\/abinox-chr-clim.com\/index.php\/wp-json\/wp\/v2\/product\/70720","targetHints":{"allow":["GET"]}}],"collection":[{"href":"https:\/\/abinox-chr-clim.com\/index.php\/wp-json\/wp\/v2\/product"}],"about":[{"href":"https:\/\/abinox-chr-clim.com\/index.php\/wp-json\/wp\/v2\/types\/product"}],"replies":[{"embeddable":true,"href":"https:\/\/abinox-chr-clim.com\/index.php\/wp-json\/wp\/v2\/comments?post=70720"}],"wp:featuredmedia":[{"embeddable":true,"href":"https:\/\/abinox-chr-clim.com\/index.php\/wp-json\/wp\/v2\/media\/91275"}],"wp:attachment":[{"href":"https:\/\/abinox-chr-clim.com\/index.php\/wp-json\/wp\/v2\/media?parent=70720"}],"wp:term":[{"taxonomy":"product_brand","embeddable":true,"href":"https:\/\/abinox-chr-clim.com\/index.php\/wp-json\/wp\/v2\/product_brand?post=70720"},{"taxonomy":"product_cat","embeddable":true,"href":"https:\/\/abinox-chr-clim.com\/index.php\/wp-json\/wp\/v2\/product_cat?post=70720"},{"taxonomy":"product_tag","embeddable":true,"href":"https:\/\/abinox-chr-clim.com\/index.php\/wp-json\/wp\/v2\/product_tag?post=70720"}],"curies":[{"name":"wp","href":"https:\/\/api.w.org\/{rel}","templated":true}]}}