{"id":70719,"date":"2024-03-22T19:36:58","date_gmt":"2024-03-22T18:36:58","guid":{"rendered":"https:\/\/abinox-chr-clim.com\/index.php\/product\/passoire-etamee-gris-titane-olympia\/"},"modified":"2026-04-11T09:42:54","modified_gmt":"2026-04-11T07:42:54","slug":"passoire-etamee-gris-titane-olympia","status":"publish","type":"product","link":"https:\/\/abinox-chr-clim.com\/index.php\/product\/passoire-etamee-gris-titane-olympia\/","title":{"rendered":"Passoire \u00e9tam\u00e9e gris titane Olympia"},"content":{"rendered":"<p>Disponible en couleur cuivre (DR601) et argent\u00e9e (DR591). Parfaitement associ\u00e9e aux autres ustensiles de bar gris titane. Avec manche long et patte. Maille fine pour une filtration parfaite. Peut \u00eatre combin\u00e9e \u00e0 l&rsquo;utilisation des passoires Hawthorne et Julep pour une filtration compl\u00e8te.  Disponible en couleur cuivre (DR601) et argent\u00e9e (DR591).<\/p>\n<p>Caract\u00e9ristiques :<br \/> Dimensions : 36(H) x 83(L) x 200(L) mm.<br \/> Mati\u00e8re : Inox<\/p>\n","protected":false},"excerpt":{"rendered":"<p>Passoire \u00e9tam\u00e9e gris titane Olympia<\/p>\n","protected":false},"featured_media":91283,"comment_status":"closed","ping_status":"closed","template":"","meta":[],"product_brand":[],"product_cat":[1107,1297,1106,1112],"product_tag":[],"class_list":{"0":"post-70719","1":"product","2":"type-product","3":"status-publish","4":"has-post-thumbnail","6":"product_cat-accessoires-de-bar","7":"product_cat-non-palettisable","8":"product_cat-restaurant-bar-et-hotel","9":"product_cat-shakers-a-cocktails-et-doseurs-dalcool","10":"product_shipping_class-free-shipping","12":"first","13":"instock","14":"featured","15":"taxable","16":"shipping-taxable","17":"purchasable","18":"product-type-simple"},"_links":{"self":[{"href":"https:\/\/abinox-chr-clim.com\/index.php\/wp-json\/wp\/v2\/product\/70719","targetHints":{"allow":["GET"]}}],"collection":[{"href":"https:\/\/abinox-chr-clim.com\/index.php\/wp-json\/wp\/v2\/product"}],"about":[{"href":"https:\/\/abinox-chr-clim.com\/index.php\/wp-json\/wp\/v2\/types\/product"}],"replies":[{"embeddable":true,"href":"https:\/\/abinox-chr-clim.com\/index.php\/wp-json\/wp\/v2\/comments?post=70719"}],"wp:featuredmedia":[{"embeddable":true,"href":"https:\/\/abinox-chr-clim.com\/index.php\/wp-json\/wp\/v2\/media\/91283"}],"wp:attachment":[{"href":"https:\/\/abinox-chr-clim.com\/index.php\/wp-json\/wp\/v2\/media?parent=70719"}],"wp:term":[{"taxonomy":"product_brand","embeddable":true,"href":"https:\/\/abinox-chr-clim.com\/index.php\/wp-json\/wp\/v2\/product_brand?post=70719"},{"taxonomy":"product_cat","embeddable":true,"href":"https:\/\/abinox-chr-clim.com\/index.php\/wp-json\/wp\/v2\/product_cat?post=70719"},{"taxonomy":"product_tag","embeddable":true,"href":"https:\/\/abinox-chr-clim.com\/index.php\/wp-json\/wp\/v2\/product_tag?post=70719"}],"curies":[{"name":"wp","href":"https:\/\/api.w.org\/{rel}","templated":true}]}}