{"id":70717,"date":"2024-03-22T19:36:58","date_gmt":"2024-03-22T18:36:58","guid":{"rendered":"https:\/\/abinox-chr-clim.com\/index.php\/product\/shaker-cuivre-boston-olympia-700ml\/"},"modified":"2025-09-17T10:55:44","modified_gmt":"2025-09-17T08:55:44","slug":"shaker-cuivre-boston-olympia-700ml","status":"publish","type":"product","link":"https:\/\/abinox-chr-clim.com\/index.php\/product\/shaker-cuivre-boston-olympia-700ml\/","title":{"rendered":"Shaker cuivre Boston Olympia  700ml"},"content":{"rendered":"<p>A utiliser avec un verre ou seul. Parfait pour la pr\u00e9paration des cocktails.<br \/>R\u00e9cipient pour secouer et m\u00e9langer les cocktail. Vere \u00e0 m\u00e9lange vendu s\u00e9par\u00e9ment (CD029). En inox r\u00e9sistant \u00e0 la corrosion. L\u00e9ger et empilable. Egalement disponible en gris titane (DR629).  R\u00e9cipient pour secouer et m\u00e9langer les cocktail.<\/p>\n<p>Caract\u00e9ristiques :<br \/> Dimensions : 170(H) x 92(\u00d8) mm.<br \/> Mati\u00e8re : Cuivre.<br \/> Couleur : Cuivre.<\/p>\n","protected":false},"excerpt":{"rendered":"<p>Shaker cuivre Boston Olympia  700ml<\/p>\n","protected":false},"featured_media":91312,"comment_status":"closed","ping_status":"closed","template":"","meta":[],"product_brand":[],"product_cat":[1107,1297,1106,1112],"product_tag":[],"class_list":{"0":"post-70717","1":"product","2":"type-product","3":"status-publish","4":"has-post-thumbnail","6":"product_cat-accessoires-de-bar","7":"product_cat-non-palettisable","8":"product_cat-restaurant-bar-et-hotel","9":"product_cat-shakers-a-cocktails-et-doseurs-dalcool","10":"product_shipping_class-free-shipping","12":"first","13":"outofstock","14":"featured","15":"taxable","16":"shipping-taxable","17":"purchasable","18":"product-type-simple"},"_links":{"self":[{"href":"https:\/\/abinox-chr-clim.com\/index.php\/wp-json\/wp\/v2\/product\/70717","targetHints":{"allow":["GET"]}}],"collection":[{"href":"https:\/\/abinox-chr-clim.com\/index.php\/wp-json\/wp\/v2\/product"}],"about":[{"href":"https:\/\/abinox-chr-clim.com\/index.php\/wp-json\/wp\/v2\/types\/product"}],"replies":[{"embeddable":true,"href":"https:\/\/abinox-chr-clim.com\/index.php\/wp-json\/wp\/v2\/comments?post=70717"}],"wp:featuredmedia":[{"embeddable":true,"href":"https:\/\/abinox-chr-clim.com\/index.php\/wp-json\/wp\/v2\/media\/91312"}],"wp:attachment":[{"href":"https:\/\/abinox-chr-clim.com\/index.php\/wp-json\/wp\/v2\/media?parent=70717"}],"wp:term":[{"taxonomy":"product_brand","embeddable":true,"href":"https:\/\/abinox-chr-clim.com\/index.php\/wp-json\/wp\/v2\/product_brand?post=70717"},{"taxonomy":"product_cat","embeddable":true,"href":"https:\/\/abinox-chr-clim.com\/index.php\/wp-json\/wp\/v2\/product_cat?post=70717"},{"taxonomy":"product_tag","embeddable":true,"href":"https:\/\/abinox-chr-clim.com\/index.php\/wp-json\/wp\/v2\/product_tag?post=70717"}],"curies":[{"name":"wp","href":"https:\/\/api.w.org\/{rel}","templated":true}]}}