{"id":70715,"date":"2024-03-22T19:36:57","date_gmt":"2024-03-22T18:36:57","guid":{"rendered":"https:\/\/abinox-chr-clim.com\/index.php\/product\/passoire-a-shaker-hawthorne-4-pattes-olympia\/"},"modified":"2026-04-11T09:42:50","modified_gmt":"2026-04-11T07:42:50","slug":"passoire-a-shaker-hawthorne-4-pattes-olympia","status":"publish","type":"product","link":"https:\/\/abinox-chr-clim.com\/index.php\/product\/passoire-a-shaker-hawthorne-4-pattes-olympia\/","title":{"rendered":"Passoire \u00e0 shaker Hawthorne 4 pattes Olympia"},"content":{"rendered":"<p>Parfaite pour une utilisation dans un bar \u00e0 cocktails chic. Acier inoxydable d\u00e9clin\u00e9 dans des finitions attrayantes.<br \/>Egalement disponible en finition cuivre (DR600) et titane (DR620). S&rsquo;associe parfaitement avec les autres articles de bar en acier inoxydable Olympia. Quatre pattes pour un filtrage facile et stable. Con\u00e7u pour \u00eatre utilis\u00e9 avec le shaker Olympia Boston F974. Utilisable avec d&rsquo;autres marques \u00e9galement.  Egalement disponible en finition cuivre (DR600) et titane (DR620).<\/p>\n<p>Caract\u00e9ristiques :<br \/> Dimensions : 118(L) x 197(L) mm.<br \/> Mati\u00e8re : Inox.<br \/> Couleur : Argent.<\/p>\n","protected":false},"excerpt":{"rendered":"<p>Passoire \u00e0 shaker Hawthorne 4 pattes Olympia<\/p>\n","protected":false},"featured_media":91369,"comment_status":"closed","ping_status":"closed","template":"","meta":[],"product_brand":[],"product_cat":[1107,1297,1106,1112],"product_tag":[],"class_list":{"0":"post-70715","1":"product","2":"type-product","3":"status-publish","4":"has-post-thumbnail","6":"product_cat-accessoires-de-bar","7":"product_cat-non-palettisable","8":"product_cat-restaurant-bar-et-hotel","9":"product_cat-shakers-a-cocktails-et-doseurs-dalcool","10":"product_shipping_class-free-shipping","12":"first","13":"instock","14":"featured","15":"taxable","16":"shipping-taxable","17":"purchasable","18":"product-type-simple"},"_links":{"self":[{"href":"https:\/\/abinox-chr-clim.com\/index.php\/wp-json\/wp\/v2\/product\/70715","targetHints":{"allow":["GET"]}}],"collection":[{"href":"https:\/\/abinox-chr-clim.com\/index.php\/wp-json\/wp\/v2\/product"}],"about":[{"href":"https:\/\/abinox-chr-clim.com\/index.php\/wp-json\/wp\/v2\/types\/product"}],"replies":[{"embeddable":true,"href":"https:\/\/abinox-chr-clim.com\/index.php\/wp-json\/wp\/v2\/comments?post=70715"}],"wp:featuredmedia":[{"embeddable":true,"href":"https:\/\/abinox-chr-clim.com\/index.php\/wp-json\/wp\/v2\/media\/91369"}],"wp:attachment":[{"href":"https:\/\/abinox-chr-clim.com\/index.php\/wp-json\/wp\/v2\/media?parent=70715"}],"wp:term":[{"taxonomy":"product_brand","embeddable":true,"href":"https:\/\/abinox-chr-clim.com\/index.php\/wp-json\/wp\/v2\/product_brand?post=70715"},{"taxonomy":"product_cat","embeddable":true,"href":"https:\/\/abinox-chr-clim.com\/index.php\/wp-json\/wp\/v2\/product_cat?post=70715"},{"taxonomy":"product_tag","embeddable":true,"href":"https:\/\/abinox-chr-clim.com\/index.php\/wp-json\/wp\/v2\/product_tag?post=70715"}],"curies":[{"name":"wp","href":"https:\/\/api.w.org\/{rel}","templated":true}]}}