{"id":70710,"date":"2024-03-22T19:36:52","date_gmt":"2024-03-22T18:36:52","guid":{"rendered":"https:\/\/abinox-chr-clim.com\/index.php\/product\/bouteille-verseuse-rouge\/"},"modified":"2025-08-26T11:45:56","modified_gmt":"2025-08-26T09:45:56","slug":"bouteille-verseuse-rouge","status":"publish","type":"product","link":"https:\/\/abinox-chr-clim.com\/index.php\/product\/bouteille-verseuse-rouge\/","title":{"rendered":"Bouteille verseuse rouge"},"content":{"rendered":"<p>Solution id\u00e9ale et \u00e9l\u00e9gante pour un bar anim\u00e9. Plastique l\u00e9ger et durable facile \u00e0 nettoyer. Couvercles de couleur pour identifier facilement  le contenu.<br \/>Le couvercle peut \u00eatre positionn\u00e9 sous la bouteille. Forme ergonomique permettant une prise en main facile. Bouchon code couleur. Compatible lave-vaisselle. Le couvercle peut \u00eatre positionn\u00e9 sous la bouteille.<\/p>\n<p>Caract\u00e9ristiques :<br \/> Capacit\u00e9 : 1,08 L.<br \/> Dimensions : 340(H) x 100(L) x 100(P) mm.<br \/> Mati\u00e8re : Plastique.<br \/> Couleur : Rouge.<\/p>\n","protected":false},"excerpt":{"rendered":"<p>Bouteille verseuse rouge<\/p>\n","protected":false},"featured_media":89531,"comment_status":"closed","ping_status":"closed","template":"","meta":[],"product_brand":[],"product_cat":[1107,1297,1106,1112],"product_tag":[],"class_list":{"0":"post-70710","1":"product","2":"type-product","3":"status-publish","4":"has-post-thumbnail","6":"product_cat-accessoires-de-bar","7":"product_cat-non-palettisable","8":"product_cat-restaurant-bar-et-hotel","9":"product_cat-shakers-a-cocktails-et-doseurs-dalcool","10":"product_shipping_class-free-shipping","12":"first","13":"outofstock","14":"featured","15":"taxable","16":"shipping-taxable","17":"purchasable","18":"product-type-simple"},"_links":{"self":[{"href":"https:\/\/abinox-chr-clim.com\/index.php\/wp-json\/wp\/v2\/product\/70710","targetHints":{"allow":["GET"]}}],"collection":[{"href":"https:\/\/abinox-chr-clim.com\/index.php\/wp-json\/wp\/v2\/product"}],"about":[{"href":"https:\/\/abinox-chr-clim.com\/index.php\/wp-json\/wp\/v2\/types\/product"}],"replies":[{"embeddable":true,"href":"https:\/\/abinox-chr-clim.com\/index.php\/wp-json\/wp\/v2\/comments?post=70710"}],"wp:featuredmedia":[{"embeddable":true,"href":"https:\/\/abinox-chr-clim.com\/index.php\/wp-json\/wp\/v2\/media\/89531"}],"wp:attachment":[{"href":"https:\/\/abinox-chr-clim.com\/index.php\/wp-json\/wp\/v2\/media?parent=70710"}],"wp:term":[{"taxonomy":"product_brand","embeddable":true,"href":"https:\/\/abinox-chr-clim.com\/index.php\/wp-json\/wp\/v2\/product_brand?post=70710"},{"taxonomy":"product_cat","embeddable":true,"href":"https:\/\/abinox-chr-clim.com\/index.php\/wp-json\/wp\/v2\/product_cat?post=70710"},{"taxonomy":"product_tag","embeddable":true,"href":"https:\/\/abinox-chr-clim.com\/index.php\/wp-json\/wp\/v2\/product_tag?post=70710"}],"curies":[{"name":"wp","href":"https:\/\/api.w.org\/{rel}","templated":true}]}}