{"id":70709,"date":"2024-03-22T19:36:52","date_gmt":"2024-03-22T18:36:52","guid":{"rendered":"https:\/\/abinox-chr-clim.com\/index.php\/product\/shaker-a-cocktail-inox-2-pieces-mezclar-et-boston-beaumont\/"},"modified":"2026-04-11T09:51:10","modified_gmt":"2026-04-11T07:51:10","slug":"shaker-a-cocktail-inox-2-pieces-mezclar-et-boston-beaumont","status":"publish","type":"product","link":"https:\/\/abinox-chr-clim.com\/index.php\/product\/shaker-a-cocktail-inox-2-pieces-mezclar-et-boston-beaumont\/","title":{"rendered":"Shaker \u00e0 cocktail inox 2 pi\u00e8ces Mezclar et Boston Beaumont"},"content":{"rendered":"<p>R\u00e9cipient et verre en inox poli. A utiliser ensemble ou s\u00e9par\u00e9ment.<br \/>Les 2 r\u00e9cipients en inox produisent un son unique et accrocheur. La finition miroir ajoute une touche \u00e9l\u00e9gante \u00e0 votre bar. Les r\u00e9cipients de forme conique permettent un m\u00e9lange s\u00fbr. La construction en acier inoxydable offre une excellente durabilit\u00e9 et r\u00e9sistance \u00e0 la corrosion. La grande taille vous permet de cr\u00e9er la plupart des cocktails. Num\u00e9ro de mod\u00e8le du fournisseur : 3340.  Les 2 r\u00e9cipients en inox produisent un son unique et accrocheur.<\/p>\n<p>Caract\u00e9ristiques :<br \/> Dimensions : 178(H) x 93(\u00d8) mm.<br \/> Mati\u00e8re : Inox.<br \/> Couleur : Argent.<\/p>\n","protected":false},"excerpt":{"rendered":"<p>Shaker \u00e0 cocktail inox 2 pi\u00e8ces Mezclar et Boston Beaumont<\/p>\n","protected":false},"featured_media":102657,"comment_status":"closed","ping_status":"closed","template":"","meta":[],"product_brand":[],"product_cat":[1107,1297,1106,1112],"product_tag":[],"class_list":{"0":"post-70709","1":"product","2":"type-product","3":"status-publish","4":"has-post-thumbnail","6":"product_cat-accessoires-de-bar","7":"product_cat-non-palettisable","8":"product_cat-restaurant-bar-et-hotel","9":"product_cat-shakers-a-cocktails-et-doseurs-dalcool","10":"product_shipping_class-free-shipping","12":"first","13":"instock","14":"featured","15":"taxable","16":"shipping-taxable","17":"purchasable","18":"product-type-simple"},"_links":{"self":[{"href":"https:\/\/abinox-chr-clim.com\/index.php\/wp-json\/wp\/v2\/product\/70709","targetHints":{"allow":["GET"]}}],"collection":[{"href":"https:\/\/abinox-chr-clim.com\/index.php\/wp-json\/wp\/v2\/product"}],"about":[{"href":"https:\/\/abinox-chr-clim.com\/index.php\/wp-json\/wp\/v2\/types\/product"}],"replies":[{"embeddable":true,"href":"https:\/\/abinox-chr-clim.com\/index.php\/wp-json\/wp\/v2\/comments?post=70709"}],"wp:featuredmedia":[{"embeddable":true,"href":"https:\/\/abinox-chr-clim.com\/index.php\/wp-json\/wp\/v2\/media\/102657"}],"wp:attachment":[{"href":"https:\/\/abinox-chr-clim.com\/index.php\/wp-json\/wp\/v2\/media?parent=70709"}],"wp:term":[{"taxonomy":"product_brand","embeddable":true,"href":"https:\/\/abinox-chr-clim.com\/index.php\/wp-json\/wp\/v2\/product_brand?post=70709"},{"taxonomy":"product_cat","embeddable":true,"href":"https:\/\/abinox-chr-clim.com\/index.php\/wp-json\/wp\/v2\/product_cat?post=70709"},{"taxonomy":"product_tag","embeddable":true,"href":"https:\/\/abinox-chr-clim.com\/index.php\/wp-json\/wp\/v2\/product_tag?post=70709"}],"curies":[{"name":"wp","href":"https:\/\/api.w.org\/{rel}","templated":true}]}}