{"id":70705,"date":"2024-03-22T19:36:51","date_gmt":"2024-03-22T18:36:51","guid":{"rendered":"https:\/\/abinox-chr-clim.com\/index.php\/product\/pilon-a-cocktail-en-plastique\/"},"modified":"2026-04-11T08:36:02","modified_gmt":"2026-04-11T06:36:02","slug":"pilon-a-cocktail-en-plastique","status":"publish","type":"product","link":"https:\/\/abinox-chr-clim.com\/index.php\/product\/pilon-a-cocktail-en-plastique\/","title":{"rendered":"Pilon \u00e0 cocktail en plastique"},"content":{"rendered":"<p>Pilon en plastique \u00e0 extr\u00e9mit\u00e9 dentel\u00e9e pour n&rsquo;oublier aucun ingr\u00e9dient lors de son utilisation. Lavable au lave-vaisselle.<br \/>Ecrase tous les ingr\u00e9dients pour les cocktails. Lavable au lave-vaisselle. Ecrase tous les ingr\u00e9dients pour les cocktails. .<br \/> Caract\u00e9ristiques :<br \/> Dimensions : 210(H) x 35(\u00d8) mm.<br \/> Mati\u00e8re : Plastique.<br \/> Couleur : Noir.<\/p>\n","protected":false},"excerpt":{"rendered":"<p>Pilon \u00e0 cocktail en plastique<\/p>\n","protected":false},"featured_media":103329,"comment_status":"closed","ping_status":"closed","template":"","meta":[],"product_brand":[],"product_cat":[1107,1297,1106,1112],"product_tag":[],"class_list":{"0":"post-70705","1":"product","2":"type-product","3":"status-publish","4":"has-post-thumbnail","6":"product_cat-accessoires-de-bar","7":"product_cat-non-palettisable","8":"product_cat-restaurant-bar-et-hotel","9":"product_cat-shakers-a-cocktails-et-doseurs-dalcool","10":"product_shipping_class-free-shipping","12":"first","13":"instock","14":"featured","15":"taxable","16":"shipping-taxable","17":"purchasable","18":"product-type-simple"},"_links":{"self":[{"href":"https:\/\/abinox-chr-clim.com\/index.php\/wp-json\/wp\/v2\/product\/70705","targetHints":{"allow":["GET"]}}],"collection":[{"href":"https:\/\/abinox-chr-clim.com\/index.php\/wp-json\/wp\/v2\/product"}],"about":[{"href":"https:\/\/abinox-chr-clim.com\/index.php\/wp-json\/wp\/v2\/types\/product"}],"replies":[{"embeddable":true,"href":"https:\/\/abinox-chr-clim.com\/index.php\/wp-json\/wp\/v2\/comments?post=70705"}],"wp:featuredmedia":[{"embeddable":true,"href":"https:\/\/abinox-chr-clim.com\/index.php\/wp-json\/wp\/v2\/media\/103329"}],"wp:attachment":[{"href":"https:\/\/abinox-chr-clim.com\/index.php\/wp-json\/wp\/v2\/media?parent=70705"}],"wp:term":[{"taxonomy":"product_brand","embeddable":true,"href":"https:\/\/abinox-chr-clim.com\/index.php\/wp-json\/wp\/v2\/product_brand?post=70705"},{"taxonomy":"product_cat","embeddable":true,"href":"https:\/\/abinox-chr-clim.com\/index.php\/wp-json\/wp\/v2\/product_cat?post=70705"},{"taxonomy":"product_tag","embeddable":true,"href":"https:\/\/abinox-chr-clim.com\/index.php\/wp-json\/wp\/v2\/product_tag?post=70705"}],"curies":[{"name":"wp","href":"https:\/\/api.w.org\/{rel}","templated":true}]}}