{"id":70701,"date":"2024-03-22T19:36:49","date_gmt":"2024-03-22T18:36:49","guid":{"rendered":"https:\/\/abinox-chr-clim.com\/index.php\/product\/passoire-de-bar\/"},"modified":"2026-04-11T08:31:57","modified_gmt":"2026-04-11T06:31:57","slug":"passoire-de-bar","status":"publish","type":"product","link":"https:\/\/abinox-chr-clim.com\/index.php\/product\/passoire-de-bar\/","title":{"rendered":"Passoire de bar"},"content":{"rendered":"<p>En acier inoxydable.<br \/>Maille fine &#8211; peut avoir de multiples usages. Lavable au lave-vaisselle pour un nettoyage facile. Poign\u00e9e en forme de crochet et support de bol pour \u00e9viter les d\u00e9g\u00e2ts. Fabriqu\u00e9 en acier inoxydable pour plus de durabilit\u00e9. La double poign\u00e9e en fil m\u00e9tallique peut \u00eatre accroch\u00e9e au mur.  Maille fine &#8211; peut avoir de multiples usages.<\/p>\n<p>Caract\u00e9ristiques :<br \/> Dimensions : 36(H) x 83(L) x 233(P) mm.<br \/> Mati\u00e8re : Inox.<br \/> Couleur : Argent.<\/p>\n","protected":false},"excerpt":{"rendered":"<p>Passoire de bar<\/p>\n","protected":false},"featured_media":82971,"comment_status":"closed","ping_status":"closed","template":"","meta":[],"product_brand":[],"product_cat":[1107,1297,1106,1112],"product_tag":[],"class_list":{"0":"post-70701","1":"product","2":"type-product","3":"status-publish","4":"has-post-thumbnail","6":"product_cat-accessoires-de-bar","7":"product_cat-non-palettisable","8":"product_cat-restaurant-bar-et-hotel","9":"product_cat-shakers-a-cocktails-et-doseurs-dalcool","10":"product_shipping_class-free-shipping","12":"first","13":"instock","14":"featured","15":"taxable","16":"shipping-taxable","17":"purchasable","18":"product-type-simple"},"_links":{"self":[{"href":"https:\/\/abinox-chr-clim.com\/index.php\/wp-json\/wp\/v2\/product\/70701","targetHints":{"allow":["GET"]}}],"collection":[{"href":"https:\/\/abinox-chr-clim.com\/index.php\/wp-json\/wp\/v2\/product"}],"about":[{"href":"https:\/\/abinox-chr-clim.com\/index.php\/wp-json\/wp\/v2\/types\/product"}],"replies":[{"embeddable":true,"href":"https:\/\/abinox-chr-clim.com\/index.php\/wp-json\/wp\/v2\/comments?post=70701"}],"wp:featuredmedia":[{"embeddable":true,"href":"https:\/\/abinox-chr-clim.com\/index.php\/wp-json\/wp\/v2\/media\/82971"}],"wp:attachment":[{"href":"https:\/\/abinox-chr-clim.com\/index.php\/wp-json\/wp\/v2\/media?parent=70701"}],"wp:term":[{"taxonomy":"product_brand","embeddable":true,"href":"https:\/\/abinox-chr-clim.com\/index.php\/wp-json\/wp\/v2\/product_brand?post=70701"},{"taxonomy":"product_cat","embeddable":true,"href":"https:\/\/abinox-chr-clim.com\/index.php\/wp-json\/wp\/v2\/product_cat?post=70701"},{"taxonomy":"product_tag","embeddable":true,"href":"https:\/\/abinox-chr-clim.com\/index.php\/wp-json\/wp\/v2\/product_tag?post=70701"}],"curies":[{"name":"wp","href":"https:\/\/api.w.org\/{rel}","templated":true}]}}