{"id":70700,"date":"2024-03-22T19:36:49","date_gmt":"2024-03-22T18:36:49","guid":{"rendered":"https:\/\/abinox-chr-clim.com\/index.php\/product\/pelle-a-glacons-perforee-olympia\/"},"modified":"2026-04-11T08:31:56","modified_gmt":"2026-04-11T06:31:56","slug":"pelle-a-glacons-perforee-olympia","status":"publish","type":"product","link":"https:\/\/abinox-chr-clim.com\/index.php\/product\/pelle-a-glacons-perforee-olympia\/","title":{"rendered":"Pelle \u00e0 gla\u00e7ons perfor\u00e9e Olympia"},"content":{"rendered":"<p>Les perforations permettent de ne pas diluer les boissons. Finition chrom\u00e9e pour un look \u00e9l\u00e9gant. Entonnoir pour \u00e9viter que la glace ne tombe. Fabriqu\u00e9 en acier inoxydable pour plus de durabilit\u00e9. Poign\u00e9e pour une prise en main facile.  Les perforations permettent de ne pas diluer les boissons.<\/p>\n<p>Caract\u00e9ristiques :<br \/> Dimensions : 60(H) x 60(L) x 190(P) mm.<br \/> Mati\u00e8re : Inox<\/p>\n","protected":false},"excerpt":{"rendered":"<p>Pelle \u00e0 gla\u00e7ons perfor\u00e9e Olympia<\/p>\n","protected":false},"featured_media":82965,"comment_status":"closed","ping_status":"closed","template":"","meta":[],"product_brand":[],"product_cat":[1107,1297,1106,1112],"product_tag":[],"class_list":{"0":"post-70700","1":"product","2":"type-product","3":"status-publish","4":"has-post-thumbnail","6":"product_cat-accessoires-de-bar","7":"product_cat-non-palettisable","8":"product_cat-restaurant-bar-et-hotel","9":"product_cat-shakers-a-cocktails-et-doseurs-dalcool","10":"product_shipping_class-free-shipping","12":"first","13":"instock","14":"featured","15":"taxable","16":"shipping-taxable","17":"purchasable","18":"product-type-simple"},"_links":{"self":[{"href":"https:\/\/abinox-chr-clim.com\/index.php\/wp-json\/wp\/v2\/product\/70700","targetHints":{"allow":["GET"]}}],"collection":[{"href":"https:\/\/abinox-chr-clim.com\/index.php\/wp-json\/wp\/v2\/product"}],"about":[{"href":"https:\/\/abinox-chr-clim.com\/index.php\/wp-json\/wp\/v2\/types\/product"}],"replies":[{"embeddable":true,"href":"https:\/\/abinox-chr-clim.com\/index.php\/wp-json\/wp\/v2\/comments?post=70700"}],"wp:featuredmedia":[{"embeddable":true,"href":"https:\/\/abinox-chr-clim.com\/index.php\/wp-json\/wp\/v2\/media\/82965"}],"wp:attachment":[{"href":"https:\/\/abinox-chr-clim.com\/index.php\/wp-json\/wp\/v2\/media?parent=70700"}],"wp:term":[{"taxonomy":"product_brand","embeddable":true,"href":"https:\/\/abinox-chr-clim.com\/index.php\/wp-json\/wp\/v2\/product_brand?post=70700"},{"taxonomy":"product_cat","embeddable":true,"href":"https:\/\/abinox-chr-clim.com\/index.php\/wp-json\/wp\/v2\/product_cat?post=70700"},{"taxonomy":"product_tag","embeddable":true,"href":"https:\/\/abinox-chr-clim.com\/index.php\/wp-json\/wp\/v2\/product_tag?post=70700"}],"curies":[{"name":"wp","href":"https:\/\/api.w.org\/{rel}","templated":true}]}}