{"id":70698,"date":"2024-03-22T19:36:48","date_gmt":"2024-03-22T18:36:48","guid":{"rendered":"https:\/\/abinox-chr-clim.com\/index.php\/product\/pelle-a-glacons-de-bar-vogue\/"},"modified":"2026-04-11T08:29:00","modified_gmt":"2026-04-11T06:29:00","slug":"pelle-a-glacons-de-bar-vogue","status":"publish","type":"product","link":"https:\/\/abinox-chr-clim.com\/index.php\/product\/pelle-a-glacons-de-bar-vogue\/","title":{"rendered":"Pelle \u00e0 gla\u00e7ons de bar Vogue"},"content":{"rendered":"<p>Pelle de bar tr\u00e8s r\u00e9sistante avec manche tubulaire pour une meilleure isolation et protection des mains.<br \/>L&rsquo;acier inoxydable est durable. Lavable au lave-vaisselle pour un nettoyage rapide. Taille : 203 mm. La poign\u00e9e creuse ne refroidit pas. Le design incurv\u00e9 emp\u00eache la glace de tomber. R\u00e9sistant.Dimensions : 203(L) x 50(l) x 30(P)mm. Longueur cuill\u00e8re 100mm. L&rsquo;acier inoxydable est durable.<\/p>\n<p>Caract\u00e9ristiques :<br \/> Capacit\u00e9 : 50.<br \/> Dimensions : 203(H) mm.<br \/> Mati\u00e8re : Acier inoxydable.<br \/> Couleur : Acier inoxydable.<\/p>\n","protected":false},"excerpt":{"rendered":"<p>Pelle \u00e0 gla\u00e7ons de bar Vogue<\/p>\n","protected":false},"featured_media":81538,"comment_status":"closed","ping_status":"closed","template":"","meta":[],"product_brand":[],"product_cat":[1107,1297,1106,1112],"product_tag":[],"class_list":{"0":"post-70698","1":"product","2":"type-product","3":"status-publish","4":"has-post-thumbnail","6":"product_cat-accessoires-de-bar","7":"product_cat-non-palettisable","8":"product_cat-restaurant-bar-et-hotel","9":"product_cat-shakers-a-cocktails-et-doseurs-dalcool","10":"product_shipping_class-free-shipping","12":"first","13":"instock","14":"featured","15":"taxable","16":"shipping-taxable","17":"purchasable","18":"product-type-simple"},"_links":{"self":[{"href":"https:\/\/abinox-chr-clim.com\/index.php\/wp-json\/wp\/v2\/product\/70698","targetHints":{"allow":["GET"]}}],"collection":[{"href":"https:\/\/abinox-chr-clim.com\/index.php\/wp-json\/wp\/v2\/product"}],"about":[{"href":"https:\/\/abinox-chr-clim.com\/index.php\/wp-json\/wp\/v2\/types\/product"}],"replies":[{"embeddable":true,"href":"https:\/\/abinox-chr-clim.com\/index.php\/wp-json\/wp\/v2\/comments?post=70698"}],"wp:featuredmedia":[{"embeddable":true,"href":"https:\/\/abinox-chr-clim.com\/index.php\/wp-json\/wp\/v2\/media\/81538"}],"wp:attachment":[{"href":"https:\/\/abinox-chr-clim.com\/index.php\/wp-json\/wp\/v2\/media?parent=70698"}],"wp:term":[{"taxonomy":"product_brand","embeddable":true,"href":"https:\/\/abinox-chr-clim.com\/index.php\/wp-json\/wp\/v2\/product_brand?post=70698"},{"taxonomy":"product_cat","embeddable":true,"href":"https:\/\/abinox-chr-clim.com\/index.php\/wp-json\/wp\/v2\/product_cat?post=70698"},{"taxonomy":"product_tag","embeddable":true,"href":"https:\/\/abinox-chr-clim.com\/index.php\/wp-json\/wp\/v2\/product_tag?post=70698"}],"curies":[{"name":"wp","href":"https:\/\/api.w.org\/{rel}","templated":true}]}}