{"id":70696,"date":"2024-03-22T19:36:47","date_gmt":"2024-03-22T18:36:47","guid":{"rendered":"https:\/\/abinox-chr-clim.com\/index.php\/product\/piques-a-cocktail-en-bois-biodegradables-fiesta-compostable-lot-de-1000\/"},"modified":"2026-04-11T08:28:02","modified_gmt":"2026-04-11T06:28:02","slug":"piques-a-cocktail-en-bois-biodegradables-fiesta-compostable-lot-de-1000","status":"publish","type":"product","link":"https:\/\/abinox-chr-clim.com\/index.php\/product\/piques-a-cocktail-en-bois-biodegradables-fiesta-compostable-lot-de-1000\/","title":{"rendered":"Piques \u00e0 cocktail en bois biod\u00e9gradables Fiesta Compostable (Lot de 1000)"},"content":{"rendered":"<p>Bois de bouleau.<br \/>Le mat\u00e9riau biod\u00e9gradable signifie que ces piques \u00e0 cocktail vont se d\u00e9composer dans la terre rapidement et en toute s\u00e9curit\u00e9. Le bois de bouleau est fortement renouvelable et durable. Id\u00e9al pour mettre des fruits dans les cocktails. Permet de maintenir les sandwichs et hamburgers. Essentiel pour les buffets. Parfait pour la pr\u00e9sentation d&rsquo;aliments.  Le mat\u00e9riau biod\u00e9gradable signifie que ces piques \u00e0 cocktail vont se d\u00e9composer dans la terre rapidement et en toute s\u00e9curit\u00e9.<\/p>\n<p>Caract\u00e9ristiques :<br \/>Lot : 1000.<br \/> Dimensions : 80(L) mm.<br \/> Mati\u00e8re : Bois de bouleau<\/p>\n","protected":false},"excerpt":{"rendered":"<p>Piques \u00e0 cocktail en bois biod\u00e9gradables Fiesta Compostable (Lot de 1000)<\/p>\n","protected":false},"featured_media":81078,"comment_status":"closed","ping_status":"closed","template":"","meta":[],"product_brand":[],"product_cat":[1107,1297,1106,1112],"product_tag":[],"class_list":{"0":"post-70696","1":"product","2":"type-product","3":"status-publish","4":"has-post-thumbnail","6":"product_cat-accessoires-de-bar","7":"product_cat-non-palettisable","8":"product_cat-restaurant-bar-et-hotel","9":"product_cat-shakers-a-cocktails-et-doseurs-dalcool","10":"product_shipping_class-free-shipping","12":"first","13":"instock","14":"featured","15":"taxable","16":"shipping-taxable","17":"purchasable","18":"product-type-simple"},"_links":{"self":[{"href":"https:\/\/abinox-chr-clim.com\/index.php\/wp-json\/wp\/v2\/product\/70696","targetHints":{"allow":["GET"]}}],"collection":[{"href":"https:\/\/abinox-chr-clim.com\/index.php\/wp-json\/wp\/v2\/product"}],"about":[{"href":"https:\/\/abinox-chr-clim.com\/index.php\/wp-json\/wp\/v2\/types\/product"}],"replies":[{"embeddable":true,"href":"https:\/\/abinox-chr-clim.com\/index.php\/wp-json\/wp\/v2\/comments?post=70696"}],"wp:featuredmedia":[{"embeddable":true,"href":"https:\/\/abinox-chr-clim.com\/index.php\/wp-json\/wp\/v2\/media\/81078"}],"wp:attachment":[{"href":"https:\/\/abinox-chr-clim.com\/index.php\/wp-json\/wp\/v2\/media?parent=70696"}],"wp:term":[{"taxonomy":"product_brand","embeddable":true,"href":"https:\/\/abinox-chr-clim.com\/index.php\/wp-json\/wp\/v2\/product_brand?post=70696"},{"taxonomy":"product_cat","embeddable":true,"href":"https:\/\/abinox-chr-clim.com\/index.php\/wp-json\/wp\/v2\/product_cat?post=70696"},{"taxonomy":"product_tag","embeddable":true,"href":"https:\/\/abinox-chr-clim.com\/index.php\/wp-json\/wp\/v2\/product_tag?post=70696"}],"curies":[{"name":"wp","href":"https:\/\/api.w.org\/{rel}","templated":true}]}}