{"id":70695,"date":"2024-03-22T19:36:47","date_gmt":"2024-03-22T18:36:47","guid":{"rendered":"https:\/\/abinox-chr-clim.com\/index.php\/product\/shaker-a-cocktail-olympia\/"},"modified":"2026-04-11T08:24:09","modified_gmt":"2026-04-11T06:24:09","slug":"shaker-a-cocktail-olympia","status":"publish","type":"product","link":"https:\/\/abinox-chr-clim.com\/index.php\/product\/shaker-a-cocktail-olympia\/","title":{"rendered":"Shaker \u00e0 cocktail Olympia"},"content":{"rendered":"<p>La passoire int\u00e9gr\u00e9e offre une option tout-en-un. La couleur argent\u00e9e offre une finition \u00e9l\u00e9gante. Capacit\u00e9 de 780 ml pour pr\u00e9parer plus de cocktails. Conception en trois pi\u00e8ces, parfaite pour les temps de service charg\u00e9s. La passoire int\u00e9gr\u00e9e offre une option tout-en-un.<\/p>\n<p>Caract\u00e9ristiques :<br \/> Capacit\u00e9 : 780ml.<br \/> Dimensions : 240(H) x 85(\u00d8) mm.<br \/> Mati\u00e8re : Acier inoxydable<\/p>\n","protected":false},"excerpt":{"rendered":"<p>Shaker \u00e0 cocktail Olympia<\/p>\n","protected":false},"featured_media":79230,"comment_status":"closed","ping_status":"closed","template":"","meta":[],"product_brand":[],"product_cat":[1107,1297,1106,1112],"product_tag":[],"class_list":{"0":"post-70695","1":"product","2":"type-product","3":"status-publish","4":"has-post-thumbnail","6":"product_cat-accessoires-de-bar","7":"product_cat-non-palettisable","8":"product_cat-restaurant-bar-et-hotel","9":"product_cat-shakers-a-cocktails-et-doseurs-dalcool","10":"product_shipping_class-free-shipping","12":"first","13":"instock","14":"featured","15":"taxable","16":"shipping-taxable","17":"purchasable","18":"product-type-simple"},"_links":{"self":[{"href":"https:\/\/abinox-chr-clim.com\/index.php\/wp-json\/wp\/v2\/product\/70695","targetHints":{"allow":["GET"]}}],"collection":[{"href":"https:\/\/abinox-chr-clim.com\/index.php\/wp-json\/wp\/v2\/product"}],"about":[{"href":"https:\/\/abinox-chr-clim.com\/index.php\/wp-json\/wp\/v2\/types\/product"}],"replies":[{"embeddable":true,"href":"https:\/\/abinox-chr-clim.com\/index.php\/wp-json\/wp\/v2\/comments?post=70695"}],"wp:featuredmedia":[{"embeddable":true,"href":"https:\/\/abinox-chr-clim.com\/index.php\/wp-json\/wp\/v2\/media\/79230"}],"wp:attachment":[{"href":"https:\/\/abinox-chr-clim.com\/index.php\/wp-json\/wp\/v2\/media?parent=70695"}],"wp:term":[{"taxonomy":"product_brand","embeddable":true,"href":"https:\/\/abinox-chr-clim.com\/index.php\/wp-json\/wp\/v2\/product_brand?post=70695"},{"taxonomy":"product_cat","embeddable":true,"href":"https:\/\/abinox-chr-clim.com\/index.php\/wp-json\/wp\/v2\/product_cat?post=70695"},{"taxonomy":"product_tag","embeddable":true,"href":"https:\/\/abinox-chr-clim.com\/index.php\/wp-json\/wp\/v2\/product_tag?post=70695"}],"curies":[{"name":"wp","href":"https:\/\/api.w.org\/{rel}","templated":true}]}}